{"id":25757,"date":"2016-03-10T18:52:12","date_gmt":"2016-03-10T16:52:12","guid":{"rendered":"https:\/\/besthousemarbella.com\/politica-de-privacidad\/"},"modified":"2026-02-19T14:11:48","modified_gmt":"2026-02-19T12:11:48","slug":"politica-de-privacidad","status":"publish","type":"page","link":"https:\/\/besthousemarbella.com\/es\/politica-de-privacidad\/","title":{"rendered":"Pol\u00edtica de privacidad"},"content":{"rendered":"\t\t<div data-elementor-type=\"wp-page\" data-elementor-id=\"25757\" class=\"elementor elementor-25757 elementor-748\" data-elementor-post-type=\"page\">\n\t\t\t\t<div class=\"elementor-element elementor-element-3d295cc1 e-flex e-con-boxed e-con e-parent\" data-id=\"3d295cc1\" data-element_type=\"container\" data-e-type=\"container\" data-settings=\"{&quot;background_background&quot;:&quot;classic&quot;}\">\n\t\t\t\t\t<div class=\"e-con-inner\">\n\t\t\t\t<div class=\"elementor-element elementor-element-f99e8f3 elementor-widget elementor-widget-houzez_elementor_space\" data-id=\"f99e8f3\" data-element_type=\"widget\" data-e-type=\"widget\" data-widget_type=\"houzez_elementor_space.default\">\n\t\t\t\t<div class=\"elementor-widget-container\">\n\t\t\t\t\t        <div class=\"houzez-spacer\">\n            <div class=\"houzez-spacer-inner\"><\/div>\n        <\/div>\n        \t\t\t\t<\/div>\n\t\t\t\t<\/div>\n\t\t\t\t<div class=\"elementor-element elementor-element-13586fa8 elementor-widget elementor-widget-text-editor\" data-id=\"13586fa8\" data-element_type=\"widget\" data-e-type=\"widget\" data-widget_type=\"text-editor.default\">\n\t\t\t\t<div class=\"elementor-widget-container\">\n\t\t\t\t\t\t\t\t\t\n<h1>Pol\u00edtica de privacidad<\/h1>\n<p> <\/p>\n<p>Para utilizar alguno de los servicios o acceder a determinados contenidos del sitio web, el usuario deber\u00e1 proporcionar previamente a <a href=\"https:\/\/www.besthousemarbella.com\/\">https:\/\/www.besthousemarbella.com\/<\/a> ciertos datos de car\u00e1cter personal. Estos datos personales no ser\u00e1n almacenados, salvo petici\u00f3n expresa del usuario o cuando el usuario se registre en alguno de los portales o herramientas ofrecidos a trav\u00e9s de este sitio web. <\/p>\n\n<div class=\"wp-block-spacer\" style=\"height: 50px;\" aria-hidden=\"true\"> <\/div>\n\n<h2 class=\"wp-block-heading\">1. \u00bfQui\u00e9n es responsable del tratamiento de tus datos personales?<\/h2>\n\n<p>De conformidad con lo dispuesto en el Reglamento (UE) 2016\/679 relativo a la protecci\u00f3n de las personas f\u00edsicas en lo que respecta al tratamiento de datos personales (GDPR), se informa de que los datos personales directamente recabados del usuario a trav\u00e9s de los distintos recursos disponibles en el sitio web ser\u00e1n tratados de forma confidencial y registrados en los sistemas de tratamiento de datos de <a href=\"https:\/\/www.besthousemarbella.com\/\">https:\/\/www.besthousemarbella.com\/;<\/a> correo electr\u00f3nico de contacto: <a href=\"mailto:info@besthousemarbella.com\">info@besthousemarbella.com<\/a><\/p>\n\n<div class=\"wp-block-spacer\" style=\"height: 50px;\" aria-hidden=\"true\"> <\/div>\n\n<h2 class=\"wp-block-heading\">2. \u00bfCu\u00e1l es la finalidad del tratamiento de tus datos?<\/h2>\n\n<p>Los datos personales que has facilitado a <a href=\"https:\/\/www.besthousemarbella.com\/\">https:\/\/www.besthousemarbella.com\/<\/a> ser\u00e1n tratados con la finalidad de agilizar tu solicitud y proporcionarte una mejor atenci\u00f3n e informaci\u00f3n sobre los productos y servicios ofrecidos, as\u00ed como para realizar una evaluaci\u00f3n preliminar de tu caso cl\u00ednico y una valoraci\u00f3n de tu evoluci\u00f3n postoperatoria llegado el momento. Las preguntas incluidas en cada uno de los formularios son voluntarias, excepto las marcadas con un asterisco (*), que son obligatorias. Si no se contestan las preguntas obligatorias, <a href=\"https:\/\/www.besthousemarbella.com\/\">https:\/\/www.besthousemarbella.com\/<\/a> se reserva el derecho a no tramitar las solicitudes incompletas.  <\/p>\n\n<p>Los datos personales proporcionados se conservar\u00e1n mientras dure tu relaci\u00f3n con <a href=\"https:\/\/www.besthousemarbella.com\/\">https:\/\/www.besthousemarbella.com\/<\/a>, y por m\u00e1s tiempo en aquellos casos en que sea importante para la salud de los interesados o por el plazo que exija la ley. Asimismo, se te informa de que los datos personales no ser\u00e1n utilizados por <a href=\"https:\/\/www.besthousemarbella.com\/\">https:\/\/www.besthousemarbella.com\/<\/a> para crear perfiles comerciales. El tratamiento de tus datos personales ser\u00e1 l\u00edcito, leal, transparente, adecuado, pertinente, limitado, exacto y actualizado. A tal efecto, <a href=\"https:\/\/www.besthousemarbella.com\/\">https:\/\/www.besthousemarbella.com\/<\/a> se compromete a adoptar todas las medidas razonables para que tus datos personales sean suprimidos o rectificados sin dilaci\u00f3n cuando sean inexactos.   <\/p>\n\n<div class=\"wp-block-spacer\" style=\"height: 50px;\" aria-hidden=\"true\"> <\/div>\n\n<h2 class=\"wp-block-heading\">3. \u00bfCu\u00e1l es la base legal para el tratamiento de tus datos?<\/h2>\n\n<p>La base legal para el tratamiento de tus datos personales radica en: i) la gesti\u00f3n de la solicitud que en cada caso hayas remitido a <a href=\"https:\/\/www.besthousemarbella.com\/\">https:\/\/www.besthousemarbella.com\/<\/a>; ii) la ejecuci\u00f3n de los servicios profesionales que hayas contratado con <a href=\"https:\/\/www.besthousemarbella.com\/\">https:\/\/www.besthousemarbella.com\/;<\/a> y iii) la resoluci\u00f3n de cualesquiera consultas, incidencias, reclamaciones u otras solicitudes de informaci\u00f3n relacionadas con las actividades, eventos, colaboraciones y prestaci\u00f3n de asistencia sanitaria de <a href=\"https:\/\/www.besthousemarbella.com\/\">https:\/\/www.besthousemarbella.com\/<\/a><\/p>\n\n<div class=\"wp-block-spacer\" style=\"height: 50px;\" aria-hidden=\"true\"> <\/div>\n\n<h2 class=\"wp-block-heading\">4. \u00bfQui\u00e9n recibir\u00e1 tus datos?<\/h2>\n\n<p><a href=\"https:\/\/www.besthousemarbella.com\/\">https:\/\/www.besthousemarbella.com\/<\/a> no tiene intenci\u00f3n de ceder o transferir los datos personales que obran en sus sistemas de tratamiento a terceros, salvo en aquellos supuestos en que t\u00fa lo autorices expresamente o as\u00ed lo exija o permita la legislaci\u00f3n vigente. En tales casos, <a href=\"https:\/\/www.besthousemarbella.com\/\">https:\/\/www.besthousemarbella.com\/<\/a> se compromete, en su caso, a informar previamente a todos los usuarios de la identidad de la entidad cesionaria, as\u00ed como de la finalidad de la cesi\u00f3n para obtener tu consentimiento. Asimismo, quedas informado de que tus datos personales podr\u00e1n ser accedidos por entidades o personas ajenas a <a href=\"https:\/\/www.besthousemarbella.com\/\">https:\/\/www.besthousemarbella.com\/<\/a> en aquellos casos en que sea necesario para la prestaci\u00f3n de un servicio profesional a <a href=\"https:\/\/www.besthousemarbella.com\/\">https:\/\/www.besthousemarbella.com\/,<\/a> en cuyo caso dicha cesi\u00f3n o acceso de informaci\u00f3n se producir\u00e1 previa suscripci\u00f3n de un contrato en los t\u00e9rminos y condiciones recogidos en el art\u00edculo 28 del RGPD. En este sentido, <a href=\"https:\/\/www.besthousemarbella.com\/\">https:\/\/www.besthousemarbella.com\/<\/a> te informa que para la contrataci\u00f3n de servicios con entidades externas, tus datos podr\u00e1n ser transferidos a destinos no seguros (pa\u00edses que no forman parte de la Uni\u00f3n Econ\u00f3mica Europea) como, por ejemplo, Estados Unidos, donde la normativa en materia de protecci\u00f3n de datos no es tan garantista como la comunitaria dentro de la Uni\u00f3n Econ\u00f3mica Europea. No obstante, en la contrataci\u00f3n de estas entidades y en la transferencia de tus datos con ocasi\u00f3n de este tipo de contratos, <a href=\"https:\/\/www.besthousemarbella.com\/\">https:\/\/www.besthousemarbella.com\/<\/a> adoptar\u00e1 todas las medidas t\u00e9cnicas, organizativas y de seguridad exigidas por el GDPR en la contrataci\u00f3n de estas entidades y en la transferencia de tus datos con ocasi\u00f3n de la ejecuci\u00f3n de este tipo de contratos.    <\/p>\n\n<div class=\"wp-block-spacer\" style=\"height: 50px;\" aria-hidden=\"true\"> <\/div>\n\n<h2 class=\"wp-block-heading\">5. \u00bfCu\u00e1les son tus derechos cuando nos facilitas tus datos?<\/h2>\n\n<p>Tienes derecho a acceder a tus datos personales y solicitar la rectificaci\u00f3n de los datos inexactos o, en su caso, solicitar su supresi\u00f3n cuando, entre otros motivos, los datos ya no sean necesarios para los fines que fueron recogidos. Tambi\u00e9n puedes solicitar la limitaci\u00f3n del tratamiento de los datos, en cuyo caso s\u00f3lo se conservar\u00e1n para el ejercicio o la defensa de reclamaciones. Adem\u00e1s, puedes oponerte al tratamiento de tus datos, en cuyo caso <a href=\"https:\/\/www.besthousemarbella.com\/\">https:\/\/www.besthousemarbella.com\/<\/a> dejar\u00e1 de tratarlos, salvo por motivos leg\u00edtimos o relacionados con la defensa de posibles reclamaciones. Tambi\u00e9n tienes derecho a solicitar la portabilidad de tus datos.   <\/p>\n\n<p>Para ejercer estos derechos, puedes ponerte en contacto con <a href=\"https:\/\/www.besthousemarbella.com\/\">https:\/\/www.besthousemarbella.com\/<\/a> en la siguiente direcci\u00f3n: <a href=\"mailto:info@besthousemarbella.com\">info@besthousemarbella.com<\/a><\/p>\n\n<p> <\/p>\n\n<h2 class=\"wp-block-heading\">6. Consentimiento del Usuario y Retirada.<\/h2>\n\n<p>Al marcar las casillas, el usuario acepta nuestra pol\u00edtica de privacidad y protecci\u00f3n de datos.<\/p>\n\n<p><a href=\"https:\/\/www.besthousemarbella.com\/\">https:\/\/www.besthousemarbella.com\/<\/a> no ser\u00e1 responsable si la solicitud de revocaci\u00f3n del consentimiento se env\u00eda desde la direcci\u00f3n de correo electr\u00f3nico facilitada a trav\u00e9s de cualquiera de los formularios de la web. En tales casos, <a href=\"https:\/\/www.besthousemarbella.com\/\">https:\/\/www.besthousemarbella.com\/<\/a> asumir\u00e1 que la solicitud procede del usuario. <\/p>\n\n<div class=\"wp-block-spacer\" style=\"height: 50px;\" aria-hidden=\"true\"> <\/div>\n\n<h2 class=\"wp-block-heading\">7. M\u00e9todos de recogida de datos personales.<\/h2>\n\n<p> <\/p>\n<h5><strong>M\u00e9todos de comunicaci\u00f3n tradicionales y formularios de contacto<\/strong><\/h5>\n<p><br>Los usuarios pueden enviar sus datos personales no encriptados a trav\u00e9s de formularios de contacto est\u00e1ndar. Adem\u00e1s, pueden proporcionar sus datos por tel\u00e9fono, por correo electr\u00f3nico o utilizando otros m\u00e9todos de comunicaci\u00f3n indicados en la secci\u00f3n Contacto. <\/p>\n\n<p>La finalidad del tratamiento de estos datos ser\u00e1 la descrita en el punto 2 de esta pol\u00edtica de privacidad, y el tratamiento ser\u00e1 automatizado.<\/p>\n\n<p>El usuario es responsable de la veracidad de sus datos y se compromete a no introducir datos falsos y a rectificar los datos inexactos de forma que reflejen su situaci\u00f3n real. El usuario ser\u00e1 el \u00fanico responsable de las informaciones falsas o inexactas que proporcione y de los perjuicios que cause a <a href=\"https:\/\/www.besthousemarbella.com\/\">https:\/\/www.besthousemarbella.com\/<\/a> o a terceros. https:\/\/www. <a href=\"https:\/\/www.besthousemarbella.com\/\">besthousemarbella.com\/<\/a> pone a disposici\u00f3n de los usuarios las herramientas necesarias para que puedan modificar sus datos a trav\u00e9s de los formularios habilitados al efecto en nuestro sitio web. En el caso de que los datos personales aportados no sean propios, sino de un tercero, el usuario manifiesta estar autorizado para hacerlo en nombre de dicho tercero y se hace responsable de las manifestaciones falsas o inexactas que realice en su nombre y que puedan causar da\u00f1o a <a href=\"https:\/\/www.besthousemarbella.com\/\">https:\/\/www.besthousemarbella.com\/<\/a> o a terceros.  <\/p>\n\n<p>Los campos marcados con un asterisco (*) son obligatorios. Si se dejan incompletos, ser\u00e1 imposible que <a href=\"https:\/\/www.besthousemarbella.com\/\">https:\/\/www.besthousemarbella.com\/<\/a> preste el servicio solicitado o env\u00ede la informaci\u00f3n solicitada. <\/p>\n\n<p>Algunos servicios prestados en nuestro sitio web pueden tener condiciones espec\u00edficas relativas a la protecci\u00f3n de datos. Es necesario leer y aceptar estas condiciones antes de solicitar el servicio. <\/p>\n<p> <\/p>\n\n<h5><strong>Redes Sociales<\/strong><\/h5>\n<p><br><a href=\"https:\/\/www.besthousemarbella.com\/\">https:\/\/www.besthousemarbella.com\/<\/a> mantiene perfiles en las principales redes sociales (Facebook, Instagram, LinkedIn, Twitter, Google MyBusiness y YouTube), asumiendo la responsabilidad del tratamiento de los datos de seguidores, fans, suscriptores, comentaristas y otros perfiles de usuarios (en adelante, \u201cSeguidores\u201d).<\/p>\n\n<p>El tratamiento de los datos que <a href=\"https:\/\/www.besthousemarbella.com\/\">https:\/\/www.besthousemarbella.com\/<\/a> llevar\u00e1 a cabo se limitar\u00e1 a lo que la red social permita a los perfiles corporativos. <a href=\"https:\/\/www.besthousemarbella.com\/\">https:\/\/www.besthousemarbella.com\/<\/a> podr\u00e1 informar a sus Seguidores sobre actividades y promociones, as\u00ed como prestar servicio personalizado de atenci\u00f3n al cliente. https:\/\/www. <a href=\"https:\/\/www.besthousemarbella.com\/\">besthousemarbella.com\/<\/a> no extraer\u00e1 datos de las redes sociales, a menos que se obtuviera puntual y expresamente el consentimiento del usuario para ello. Si por la naturaleza de las redes sociales fuera necesario modificar el perfil de un Seguidor para ejercer derechos, <a href=\"https:\/\/www.besthousemarbella.com\/\">https:\/\/www.besthousemarbella.com\/<\/a> te ayudar\u00e1 en la medida de sus posibilidades. <\/p>\n\n<div class=\"wp-block-spacer\" style=\"height: 50px;\" aria-hidden=\"true\"> <\/div>\n\n<h2 class=\"wp-block-heading\">8. Medidas de seguridad.<\/h2>\n\n<p>Teniendo en cuenta el estado de la t\u00e9cnica, los costes de implementaci\u00f3n y la naturaleza, alcance, contexto y fines descritos en el punto 2 de esta pol\u00edtica de privacidad, junto con la probabilidad y gravedad de los riesgos para los derechos y libertades de los usuarios, <a href=\"https:\/\/www.besthousemarbella.com\/\">https:\/\/www.besthousemarbella.com\/<\/a> ha implementado medidas organizativas y t\u00e9cnicas apropiadas para garantizar un nivel de seguridad adecuado al riesgo. Estas medidas incluyen el cifrado de datos, la confidencialidad, integridad, disponibilidad y resistencia de los servicios y sistemas de procesamiento, el restablecimiento oportuno de la disponibilidad y el acceso en caso de incidentes f\u00edsicos o t\u00e9cnicos, y la comprobaci\u00f3n y evaluaci\u00f3n peri\u00f3dicas de las medidas t\u00e9cnicas y organizativas para garantizar la seguridad del procesamiento. <\/p>\n\n<p>Sin embargo, los usuarios deben ser conscientes de que las medidas de seguridad en Internet no son inexpugnables, y pueden producirse acciones malintencionadas por parte de terceros.<\/p>\n\n<div class=\"wp-block-spacer\" style=\"height: 50px;\" aria-hidden=\"true\"> <\/div>\n\n<h2 class=\"wp-block-heading\">9. Im\u00e1genes de usuario.<\/h2>\n\n<p class=\"has-white-background-color has-background\">Se informa a los usuarios de que las im\u00e1genes, fotograf\u00edas y otros materiales audiovisuales que aparecen en nuestro sitio web han sido facilitados con el consentimiento expreso de los usuarios, que nos han autorizado a reproducir y publicar estos materiales. Los usuarios han sido informados previamente de estas medidas y de su publicaci\u00f3n en nuestro sitio web y en otros dominios propiedad de <a href=\"https:\/\/www.besthousemarbella.com\/\">https:\/\/www.besthousemarbella.com\/.<\/a> <\/p>\n\t\t\t\t\t\t\t\t<\/div>\n\t\t\t\t<\/div>\n\t\t\t\t<div class=\"elementor-element elementor-element-9a95ff5 elementor-widget elementor-widget-houzez_elementor_space\" data-id=\"9a95ff5\" data-element_type=\"widget\" data-e-type=\"widget\" data-widget_type=\"houzez_elementor_space.default\">\n\t\t\t\t<div class=\"elementor-widget-container\">\n\t\t\t\t\t        <div class=\"houzez-spacer\">\n            <div class=\"houzez-spacer-inner\"><\/div>\n        <\/div>\n        \t\t\t\t<\/div>\n\t\t\t\t<\/div>\n\t\t\t\t\t<\/div>\n\t\t\t\t<\/div>\n\t\t\t\t<\/div>\n\t\t","protected":false},"excerpt":{"rendered":"<p>Pol\u00edtica de privacidad Para utilizar alguno de los servicios o acceder a determinados contenidos del sitio web, el usuario deber\u00e1 proporcionar previamente a https:\/\/www.besthousemarbella.com\/ ciertos datos de car\u00e1cter personal. Estos datos personales no ser\u00e1n almacenados, salvo petici\u00f3n expresa del usuario o cuando el usuario se registre en alguno de los portales o herramientas ofrecidos a [&hellip;]<\/p>\n","protected":false},"author":2,"featured_media":23161,"parent":0,"menu_order":-4,"comment_status":"closed","ping_status":"closed","template":"elementor_header_footer","meta":{"footnotes":""},"class_list":["post-25757","page","type-page","status-publish","has-post-thumbnail","hentry"],"_links":{"self":[{"href":"https:\/\/besthousemarbella.com\/es\/wp-json\/wp\/v2\/pages\/25757","targetHints":{"allow":["GET"]}}],"collection":[{"href":"https:\/\/besthousemarbella.com\/es\/wp-json\/wp\/v2\/pages"}],"about":[{"href":"https:\/\/besthousemarbella.com\/es\/wp-json\/wp\/v2\/types\/page"}],"author":[{"embeddable":true,"href":"https:\/\/besthousemarbella.com\/es\/wp-json\/wp\/v2\/users\/2"}],"replies":[{"embeddable":true,"href":"https:\/\/besthousemarbella.com\/es\/wp-json\/wp\/v2\/comments?post=25757"}],"version-history":[{"count":0,"href":"https:\/\/besthousemarbella.com\/es\/wp-json\/wp\/v2\/pages\/25757\/revisions"}],"wp:featuredmedia":[{"embeddable":true,"href":"https:\/\/besthousemarbella.com\/es\/wp-json\/wp\/v2\/media\/23161"}],"wp:attachment":[{"href":"https:\/\/besthousemarbella.com\/es\/wp-json\/wp\/v2\/media?parent=25757"}],"curies":[{"name":"wp","href":"https:\/\/api.w.org\/{rel}","templated":true}]}}