{"id":32881,"date":"2025-11-24T20:00:51","date_gmt":"2025-11-24T18:00:51","guid":{"rendered":"https:\/\/besthousemarbella.com\/blog\/"},"modified":"2026-02-24T11:40:42","modified_gmt":"2026-02-24T09:40:42","slug":"blog-en-espanol","status":"publish","type":"page","link":"https:\/\/besthousemarbella.com\/es\/blog-en-espanol\/","title":{"rendered":"Blog"},"content":{"rendered":"\t\t<div data-elementor-type=\"wp-page\" data-elementor-id=\"32881\" class=\"elementor elementor-32881 elementor-32819\" data-elementor-post-type=\"page\">\n\t\t\t\t<div class=\"elementor-element elementor-element-bc194f2 e-flex e-con-boxed e-con e-parent\" data-id=\"bc194f2\" data-element_type=\"container\" data-e-type=\"container\">\n\t\t\t\t\t<div class=\"e-con-inner\">\n\t\t\t\t<div class=\"elementor-element elementor-element-f8aa3ae elementor-widget elementor-widget-spacer\" data-id=\"f8aa3ae\" data-element_type=\"widget\" data-e-type=\"widget\" data-widget_type=\"spacer.default\">\n\t\t\t\t<div class=\"elementor-widget-container\">\n\t\t\t\t\t\t\t<div class=\"elementor-spacer\">\n\t\t\t<div class=\"elementor-spacer-inner\"><\/div>\n\t\t<\/div>\n\t\t\t\t\t\t<\/div>\n\t\t\t\t<\/div>\n\t\t<div class=\"elementor-element elementor-element-3048219 e-con-full e-flex e-con e-child\" data-id=\"3048219\" data-element_type=\"container\" data-e-type=\"container\">\n\t\t\t\t<div class=\"elementor-element elementor-element-2303dc6 elementor-widget elementor-widget-heading\" data-id=\"2303dc6\" data-element_type=\"widget\" data-e-type=\"widget\" data-widget_type=\"heading.default\">\n\t\t\t\t<div class=\"elementor-widget-container\">\n\t\t\t\t\t<h2 class=\"elementor-heading-title elementor-size-default\">Consejos Expertos Inmobiliarios &amp; Tendencias del Mercado en Marbella<\/h2>\t\t\t\t<\/div>\n\t\t\t\t<\/div>\n\t\t\t\t<div class=\"elementor-element elementor-element-10cafc0 elementor-widget elementor-widget-heading\" data-id=\"10cafc0\" data-element_type=\"widget\" data-e-type=\"widget\" data-widget_type=\"heading.default\">\n\t\t\t\t<div class=\"elementor-widget-container\">\n\t\t\t\t\t<h1 class=\"elementor-heading-title elementor-size-default\">Art\u00edculos Sobre el Mercado Inmobiliario de Lujo en Marbella<\/h1>\t\t\t\t<\/div>\n\t\t\t\t<\/div>\n\t\t\t\t<div class=\"elementor-element elementor-element-6bf9fee elementor-widget elementor-widget-text-editor\" data-id=\"6bf9fee\" data-element_type=\"widget\" data-e-type=\"widget\" data-widget_type=\"text-editor.default\">\n\t\t\t\t<div class=\"elementor-widget-container\">\n\t\t\t\t\t\t\t\t\t<p>Ofrecemos acceso a las propiedades m\u00e1s prestigiosas, un profundo conocimiento del mercado y asesoramiento personalizado para garantizar que usted tome una decisi\u00f3n segura y rentable. Explore nuestros art\u00edculos especializados para mantenerse informado sobre las previsiones del mercado para 2025, las ventajas de un estilo de vida de lujo y los consejos de expertos a la hora de comprar una vivienda de alta gama en Marbella. <\/p>\t\t\t\t\t\t\t\t<\/div>\n\t\t\t\t<\/div>\n\t\t\t\t<div class=\"elementor-element elementor-element-295bf3c elementor-widget elementor-widget-spacer\" data-id=\"295bf3c\" data-element_type=\"widget\" data-e-type=\"widget\" data-widget_type=\"spacer.default\">\n\t\t\t\t<div class=\"elementor-widget-container\">\n\t\t\t\t\t\t\t<div class=\"elementor-spacer\">\n\t\t\t<div class=\"elementor-spacer-inner\"><\/div>\n\t\t<\/div>\n\t\t\t\t\t\t<\/div>\n\t\t\t\t<\/div>\n\t\t\t\t<\/div>\n\t\t\t\t\t<\/div>\n\t\t\t\t<\/div>\n\t\t<div class=\"elementor-element elementor-element-695a735 e-flex e-con-boxed e-con e-parent\" data-id=\"695a735\" data-element_type=\"container\" data-e-type=\"container\">\n\t\t\t\t\t<div class=\"e-con-inner\">\n\t\t\t\t<div class=\"elementor-element elementor-element-ce7ab9c elementor-widget elementor-widget-houzez_elementor_blog_posts\" data-id=\"ce7ab9c\" data-element_type=\"widget\" data-e-type=\"widget\" data-widget_type=\"houzez_elementor_blog_posts.default\">\n\t\t\t\t<div class=\"elementor-widget-container\">\n\t\t\t\t\t\n        <div class=\"blog-posts-module blog-posts-module-v1\">\n            <div class=\"row row-cols-1 row-cols-md-2 row-cols-lg-3 row-cols-xl-4 g-3\">\n                <div class=\"blog-post-item-wrap\">\n\t<div id=\"post-35866\" class=\"blog-post-item blog-post-item-v1 mb-3 post-35866 post type-post status-publish format-standard has-post-thumbnail hentry category-inversiones category-bienes-inmuebles category-compra\">\n\t\t\n\t\t\t\t<div class=\"blog-post-thumb\">\n\t\t\t<a href=\"https:\/\/besthousemarbella.com\/es\/blog\/impuestos-al-comprar-una-propiedad-en-marbella-guia-2026\/\" class=\"hover-effect image-wrap\">\n\t\t\t\t<img fetchpriority=\"high\" decoding=\"async\" width=\"2560\" height=\"1725\" src=\"https:\/\/besthousemarbella.com\/wp-content\/uploads\/2025\/11\/A740626-scaled.webp\" class=\"img-fluid wp-post-image\" alt=\"Image from \u2013\" srcset=\"https:\/\/besthousemarbella.com\/wp-content\/uploads\/2025\/11\/A740626-scaled.webp 2560w, https:\/\/besthousemarbella.com\/wp-content\/uploads\/2025\/11\/A740626-1536x1035.webp 1536w, https:\/\/besthousemarbella.com\/wp-content\/uploads\/2025\/11\/A740626-2048x1380.webp 2048w\" sizes=\"(max-width: 2560px) 100vw, 2560px\" title=\"\">\t\t\t<\/a>\n\t\t<\/div><!-- blog-post-thumb -->\n\t\t\n\t\t<div class=\"blog-post-content-wrap\">\n\t\t\t<div class=\"blog-post-meta small\">\n\t\t\t\t<ul class=\"list-inline d-flex align-items-center mb-1\">\n\t\t\t\t\t\t\t\t\t\t<li class=\"list-inline-item\">\n\t\t\t\t\t\t<time datetime=\"3 de febrero de 2026\"><i class=\"houzez-icon icon-calendar-3 me-1\"><\/i> 3 de febrero de 2026<\/time>\n\t\t\t\t\t<\/li>\n\t\t\t\t\t\n\t\t\t\t\t\n\t\t\t\t<\/ul>\n\t\t\t<\/div><!-- blog-post-meta -->\n\t\t\t<div class=\"blog-post-title\">\n\t\t\t\t<h3 class=\"mb-1\"><a href=\"https:\/\/besthousemarbella.com\/es\/blog\/impuestos-al-comprar-una-propiedad-en-marbella-guia-2026\/\">Impuestos al Comprar una Propiedad en Marbella (Gu\u00eda 2026)<\/a><\/h3>\n\t\t\t<\/div><!-- blog-post-title -->\n\t\t\t<div class=\"blog-post-body mb-1\">\n\t\t\t\tImpuestos al Comprar una Propiedad en Marbella (Gu\u00eda 2026) Tablero de...\t\t\t<\/div><!-- blog-post-body -->\n\t\t\t<div class=\"blog-post-link small\">\n\t\t\t\t<a href=\"https:\/\/besthousemarbella.com\/es\/blog\/impuestos-al-comprar-una-propiedad-en-marbella-guia-2026\/\">Sigue leyendo<\/a>\n\t\t\t<\/div><!-- blog-post-link -->\n\t\t<\/div><!-- blog-post-content-wrap -->\n\t\t\t<\/div><!-- blog-post-item -->\n<\/div><!-- blog-post-item-wrap --><div class=\"blog-post-item-wrap\">\n\t<div id=\"post-35870\" class=\"blog-post-item blog-post-item-v1 mb-3 post-35870 post type-post status-publish format-standard has-post-thumbnail hentry category-bienes-inmuebles category-compra category-inversiones\">\n\t\t\n\t\t\t\t<div class=\"blog-post-thumb\">\n\t\t\t<a href=\"https:\/\/besthousemarbella.com\/es\/blog\/guia-2026-como-comprar-una-propiedad-en-marbella-y-maximizar-su-inversion\/\" class=\"hover-effect image-wrap\">\n\t\t\t\t<img decoding=\"async\" width=\"2048\" height=\"1536\" src=\"https:\/\/besthousemarbella.com\/wp-content\/uploads\/2026\/01\/buy-property-marbella-blog.webp\" class=\"img-fluid wp-post-image\" alt=\"Image from \u2013\" srcset=\"https:\/\/besthousemarbella.com\/wp-content\/uploads\/2026\/01\/buy-property-marbella-blog.webp 2048w, https:\/\/besthousemarbella.com\/wp-content\/uploads\/2026\/01\/buy-property-marbella-blog-1536x1152.webp 1536w, https:\/\/besthousemarbella.com\/wp-content\/uploads\/2026\/01\/buy-property-marbella-blog-584x438.webp 584w\" sizes=\"(max-width: 2048px) 100vw, 2048px\" title=\"\">\t\t\t<\/a>\n\t\t<\/div><!-- blog-post-thumb -->\n\t\t\n\t\t<div class=\"blog-post-content-wrap\">\n\t\t\t<div class=\"blog-post-meta small\">\n\t\t\t\t<ul class=\"list-inline d-flex align-items-center mb-1\">\n\t\t\t\t\t\t\t\t\t\t<li class=\"list-inline-item\">\n\t\t\t\t\t\t<time datetime=\"28 de enero de 2026\"><i class=\"houzez-icon icon-calendar-3 me-1\"><\/i> 28 de enero de 2026<\/time>\n\t\t\t\t\t<\/li>\n\t\t\t\t\t\n\t\t\t\t\t\n\t\t\t\t<\/ul>\n\t\t\t<\/div><!-- blog-post-meta -->\n\t\t\t<div class=\"blog-post-title\">\n\t\t\t\t<h3 class=\"mb-1\"><a href=\"https:\/\/besthousemarbella.com\/es\/blog\/guia-2026-como-comprar-una-propiedad-en-marbella-y-maximizar-su-inversion\/\">Gu\u00eda 2026: C\u00f3mo Comprar una Propiedad en Marbella y Maximizar su Inversi\u00f3n<\/a><\/h3>\n\t\t\t<\/div><!-- blog-post-title -->\n\t\t\t<div class=\"blog-post-body mb-1\">\n\t\t\t\tGu\u00eda 2026: C\u00f3mo Comprar una Propiedad en Marbella y Maximizar su Inversi\u00f3n Tabla...\t\t\t<\/div><!-- blog-post-body -->\n\t\t\t<div class=\"blog-post-link small\">\n\t\t\t\t<a href=\"https:\/\/besthousemarbella.com\/es\/blog\/guia-2026-como-comprar-una-propiedad-en-marbella-y-maximizar-su-inversion\/\">Sigue leyendo<\/a>\n\t\t\t<\/div><!-- blog-post-link -->\n\t\t<\/div><!-- blog-post-content-wrap -->\n\t\t\t<\/div><!-- blog-post-item -->\n<\/div><!-- blog-post-item-wrap --><div class=\"blog-post-item-wrap\">\n\t<div id=\"post-33530\" class=\"blog-post-item blog-post-item-v1 mb-3 post-33530 post type-post status-publish format-standard has-post-thumbnail hentry category-bienes-inmuebles category-compra category-inversiones\">\n\t\t\n\t\t\t\t<div class=\"blog-post-thumb\">\n\t\t\t<a href=\"https:\/\/besthousemarbella.com\/es\/blog\/10-preguntas-esenciales-que-debes-hacerte-antes-de-comprar-una-vivienda-en-marbella-guia-2026\/\" class=\"hover-effect image-wrap\">\n\t\t\t\t<img decoding=\"async\" width=\"2560\" height=\"1440\" src=\"https:\/\/besthousemarbella.com\/wp-content\/uploads\/2025\/12\/79-of-79-scaled.webp\" class=\"img-fluid wp-post-image\" alt=\"Image from \u2013\" srcset=\"https:\/\/besthousemarbella.com\/wp-content\/uploads\/2025\/12\/79-of-79-scaled.webp 2560w, https:\/\/besthousemarbella.com\/wp-content\/uploads\/2025\/12\/79-of-79-1536x864.webp 1536w, https:\/\/besthousemarbella.com\/wp-content\/uploads\/2025\/12\/79-of-79-2048x1152.webp 2048w\" sizes=\"(max-width: 2560px) 100vw, 2560px\" title=\"\">\t\t\t<\/a>\n\t\t<\/div><!-- blog-post-thumb -->\n\t\t\n\t\t<div class=\"blog-post-content-wrap\">\n\t\t\t<div class=\"blog-post-meta small\">\n\t\t\t\t<ul class=\"list-inline d-flex align-items-center mb-1\">\n\t\t\t\t\t\t\t\t\t\t<li class=\"list-inline-item\">\n\t\t\t\t\t\t<time datetime=\"11 de diciembre de 2025\"><i class=\"houzez-icon icon-calendar-3 me-1\"><\/i> 11 de diciembre de 2025<\/time>\n\t\t\t\t\t<\/li>\n\t\t\t\t\t\n\t\t\t\t\t\n\t\t\t\t<\/ul>\n\t\t\t<\/div><!-- blog-post-meta -->\n\t\t\t<div class=\"blog-post-title\">\n\t\t\t\t<h3 class=\"mb-1\"><a href=\"https:\/\/besthousemarbella.com\/es\/blog\/10-preguntas-esenciales-que-debes-hacerte-antes-de-comprar-una-vivienda-en-marbella-guia-2026\/\">10 Preguntas Esenciales que Debes Hacerte Antes de Comprar una Vivienda en Marbella (Gu\u00eda 2026)<\/a><\/h3>\n\t\t\t<\/div><!-- blog-post-title -->\n\t\t\t<div class=\"blog-post-body mb-1\">\n\t\t\t\t10 Preguntas Esenciales que Debes Hacerte Antes de Comprar una Vivienda en Marbella (Gu\u00eda...\t\t\t<\/div><!-- blog-post-body -->\n\t\t\t<div class=\"blog-post-link small\">\n\t\t\t\t<a href=\"https:\/\/besthousemarbella.com\/es\/blog\/10-preguntas-esenciales-que-debes-hacerte-antes-de-comprar-una-vivienda-en-marbella-guia-2026\/\">Sigue leyendo<\/a>\n\t\t\t<\/div><!-- blog-post-link -->\n\t\t<\/div><!-- blog-post-content-wrap -->\n\t\t\t<\/div><!-- blog-post-item -->\n<\/div><!-- blog-post-item-wrap --><div class=\"blog-post-item-wrap\">\n\t<div id=\"post-33455\" class=\"blog-post-item blog-post-item-v1 mb-3 post-33455 post type-post status-publish format-standard has-post-thumbnail hentry category-bienes-inmuebles category-compra\">\n\t\t\n\t\t\t\t<div class=\"blog-post-thumb\">\n\t\t\t<a href=\"https:\/\/besthousemarbella.com\/es\/blog\/comprar-propiedad-en-marbella-en-2025-cambios-legales-y-claves\/\" class=\"hover-effect image-wrap\">\n\t\t\t\t<img loading=\"lazy\" decoding=\"async\" width=\"2560\" height=\"1707\" src=\"https:\/\/besthousemarbella.com\/wp-content\/uploads\/2025\/11\/5730MLPH-High-21-scaled.webp\" class=\"img-fluid wp-post-image\" alt=\"Image from \u2013\" srcset=\"https:\/\/besthousemarbella.com\/wp-content\/uploads\/2025\/11\/5730MLPH-High-21-scaled.webp 2560w, https:\/\/besthousemarbella.com\/wp-content\/uploads\/2025\/11\/5730MLPH-High-21-1536x1024.webp 1536w, https:\/\/besthousemarbella.com\/wp-content\/uploads\/2025\/11\/5730MLPH-High-21-2048x1365.webp 2048w\" sizes=\"(max-width: 2560px) 100vw, 2560px\" title=\"\">\t\t\t<\/a>\n\t\t<\/div><!-- blog-post-thumb -->\n\t\t\n\t\t<div class=\"blog-post-content-wrap\">\n\t\t\t<div class=\"blog-post-meta small\">\n\t\t\t\t<ul class=\"list-inline d-flex align-items-center mb-1\">\n\t\t\t\t\t\t\t\t\t\t<li class=\"list-inline-item\">\n\t\t\t\t\t\t<time datetime=\"5 de diciembre de 2025\"><i class=\"houzez-icon icon-calendar-3 me-1\"><\/i> 5 de diciembre de 2025<\/time>\n\t\t\t\t\t<\/li>\n\t\t\t\t\t\n\t\t\t\t\t\n\t\t\t\t<\/ul>\n\t\t\t<\/div><!-- blog-post-meta -->\n\t\t\t<div class=\"blog-post-title\">\n\t\t\t\t<h3 class=\"mb-1\"><a href=\"https:\/\/besthousemarbella.com\/es\/blog\/comprar-propiedad-en-marbella-en-2025-cambios-legales-y-claves\/\">Comprar una Propiedad en Marbella en 2026: Nuevas Normas, Impuestos y Gu\u00eda de Inversi\u00f3n<\/a><\/h3>\n\t\t\t<\/div><!-- blog-post-title -->\n\t\t\t<div class=\"blog-post-body mb-1\">\n\t\t\t\tC\u00f3mo Afectan los Cambios Normativos de 2026 a la Compra de Propiedades en...\t\t\t<\/div><!-- blog-post-body -->\n\t\t\t<div class=\"blog-post-link small\">\n\t\t\t\t<a href=\"https:\/\/besthousemarbella.com\/es\/blog\/comprar-propiedad-en-marbella-en-2025-cambios-legales-y-claves\/\">Sigue leyendo<\/a>\n\t\t\t<\/div><!-- blog-post-link -->\n\t\t<\/div><!-- blog-post-content-wrap -->\n\t\t\t<\/div><!-- blog-post-item -->\n<\/div><!-- blog-post-item-wrap --><div class=\"blog-post-item-wrap\">\n\t<div id=\"post-32971\" class=\"blog-post-item blog-post-item-v1 mb-3 post-32971 post type-post status-publish format-standard has-post-thumbnail hentry category-bienes-inmuebles category-compra category-inversiones\">\n\t\t\n\t\t\t\t<div class=\"blog-post-thumb\">\n\t\t\t<a href=\"https:\/\/besthousemarbella.com\/es\/blog\/apartamentos-en-venta-en-marbella-2025-precios-mejores-zonas-y-guia-del-mercado\/\" class=\"hover-effect image-wrap\">\n\t\t\t\t<img loading=\"lazy\" decoding=\"async\" width=\"2560\" height=\"1707\" src=\"https:\/\/besthousemarbella.com\/wp-content\/uploads\/2025\/09\/PenthouseEstelle_5-1-scaled-1.webp\" class=\"img-fluid wp-post-image\" alt=\"Image from \u2013\" srcset=\"https:\/\/besthousemarbella.com\/wp-content\/uploads\/2025\/09\/PenthouseEstelle_5-1-scaled-1.webp 2560w, https:\/\/besthousemarbella.com\/wp-content\/uploads\/2025\/09\/PenthouseEstelle_5-1-scaled-1-1536x1024.webp 1536w, https:\/\/besthousemarbella.com\/wp-content\/uploads\/2025\/09\/PenthouseEstelle_5-1-scaled-1-2048x1366.webp 2048w\" sizes=\"(max-width: 2560px) 100vw, 2560px\" title=\"\">\t\t\t<\/a>\n\t\t<\/div><!-- blog-post-thumb -->\n\t\t\n\t\t<div class=\"blog-post-content-wrap\">\n\t\t\t<div class=\"blog-post-meta small\">\n\t\t\t\t<ul class=\"list-inline d-flex align-items-center mb-1\">\n\t\t\t\t\t\t\t\t\t\t<li class=\"list-inline-item\">\n\t\t\t\t\t\t<time datetime=\"25 de noviembre de 2025\"><i class=\"houzez-icon icon-calendar-3 me-1\"><\/i> 25 de noviembre de 2025<\/time>\n\t\t\t\t\t<\/li>\n\t\t\t\t\t\n\t\t\t\t\t\n\t\t\t\t<\/ul>\n\t\t\t<\/div><!-- blog-post-meta -->\n\t\t\t<div class=\"blog-post-title\">\n\t\t\t\t<h3 class=\"mb-1\"><a href=\"https:\/\/besthousemarbella.com\/es\/blog\/apartamentos-en-venta-en-marbella-2025-precios-mejores-zonas-y-guia-del-mercado\/\">Apartamentos en Venta en Marbella 2026: Precios, Mejores Zonas y Gu\u00eda del Mercado<\/a><\/h3>\n\t\t\t<\/div><!-- blog-post-title -->\n\t\t\t<div class=\"blog-post-body mb-1\">\n\t\t\t\tApartamentos en Venta en Marbella 2026: Precios, Mejores Zonas y Gu\u00eda del...\t\t\t<\/div><!-- blog-post-body -->\n\t\t\t<div class=\"blog-post-link small\">\n\t\t\t\t<a href=\"https:\/\/besthousemarbella.com\/es\/blog\/apartamentos-en-venta-en-marbella-2025-precios-mejores-zonas-y-guia-del-mercado\/\">Sigue leyendo<\/a>\n\t\t\t<\/div><!-- blog-post-link -->\n\t\t<\/div><!-- blog-post-content-wrap -->\n\t\t\t<\/div><!-- blog-post-item -->\n<\/div><!-- blog-post-item-wrap --><div class=\"blog-post-item-wrap\">\n\t<div id=\"post-29094\" class=\"blog-post-item blog-post-item-v1 mb-3 post-29094 post type-post status-publish format-standard has-post-thumbnail hentry category-bienes-inmuebles category-estilo-de-vida category-inversiones\">\n\t\t\n\t\t\t\t<div class=\"blog-post-thumb\">\n\t\t\t<a href=\"https:\/\/besthousemarbella.com\/es\/blog\/viviendas-asequibles-en-marbella-2025-donde-encontrar-casas-baratas-y-gangas\/\" class=\"hover-effect image-wrap\">\n\t\t\t\t<img loading=\"lazy\" decoding=\"async\" width=\"2560\" height=\"1920\" src=\"https:\/\/besthousemarbella.com\/wp-content\/uploads\/2025\/10\/Complex-scaled.jpg\" class=\"img-fluid wp-post-image\" alt=\"Image from \u2013\" srcset=\"https:\/\/besthousemarbella.com\/wp-content\/uploads\/2025\/10\/Complex-scaled.jpg 2560w, https:\/\/besthousemarbella.com\/wp-content\/uploads\/2025\/10\/Complex-1536x1152.jpg 1536w, https:\/\/besthousemarbella.com\/wp-content\/uploads\/2025\/10\/Complex-2048x1536.jpg 2048w, https:\/\/besthousemarbella.com\/wp-content\/uploads\/2025\/10\/Complex-584x438.jpg 584w\" sizes=\"(max-width: 2560px) 100vw, 2560px\" title=\"\">\t\t\t<\/a>\n\t\t<\/div><!-- blog-post-thumb -->\n\t\t\n\t\t<div class=\"blog-post-content-wrap\">\n\t\t\t<div class=\"blog-post-meta small\">\n\t\t\t\t<ul class=\"list-inline d-flex align-items-center mb-1\">\n\t\t\t\t\t\t\t\t\t\t<li class=\"list-inline-item\">\n\t\t\t\t\t\t<time datetime=\"14 de noviembre de 2025\"><i class=\"houzez-icon icon-calendar-3 me-1\"><\/i> 14 de noviembre de 2025<\/time>\n\t\t\t\t\t<\/li>\n\t\t\t\t\t\n\t\t\t\t\t\n\t\t\t\t<\/ul>\n\t\t\t<\/div><!-- blog-post-meta -->\n\t\t\t<div class=\"blog-post-title\">\n\t\t\t\t<h3 class=\"mb-1\"><a href=\"https:\/\/besthousemarbella.com\/es\/blog\/viviendas-asequibles-en-marbella-2025-donde-encontrar-casas-baratas-y-gangas\/\">Viviendas Asequibles en Marbella 2026: D\u00f3nde Encontrar Casas \u00abBaratas\u00bb<\/a><\/h3>\n\t\t\t<\/div><!-- blog-post-title -->\n\t\t\t<div class=\"blog-post-body mb-1\">\n\t\t\t\tViviendas Asequibles en Marbella 2026: D\u00f3nde Encontrar Casas \u00abBaratas\u00bb Tabla de...\t\t\t<\/div><!-- blog-post-body -->\n\t\t\t<div class=\"blog-post-link small\">\n\t\t\t\t<a href=\"https:\/\/besthousemarbella.com\/es\/blog\/viviendas-asequibles-en-marbella-2025-donde-encontrar-casas-baratas-y-gangas\/\">Sigue leyendo<\/a>\n\t\t\t<\/div><!-- blog-post-link -->\n\t\t<\/div><!-- blog-post-content-wrap -->\n\t\t\t<\/div><!-- blog-post-item -->\n<\/div><!-- blog-post-item-wrap --><div class=\"blog-post-item-wrap\">\n\t<div id=\"post-29087\" class=\"blog-post-item blog-post-item-v1 mb-3 post-29087 post type-post status-publish format-standard has-post-thumbnail hentry category-bienes-inmuebles category-compra category-inversiones\">\n\t\t\n\t\t\t\t<div class=\"blog-post-thumb\">\n\t\t\t<a href=\"https:\/\/besthousemarbella.com\/es\/blog\/costes-adicionales-al-comprar-una-propiedad-en-marbella\/\" class=\"hover-effect image-wrap\">\n\t\t\t\t<img loading=\"lazy\" decoding=\"async\" width=\"2560\" height=\"1920\" src=\"https:\/\/besthousemarbella.com\/wp-content\/uploads\/2025\/10\/Complex-scaled-1.webp\" class=\"img-fluid wp-post-image\" alt=\"Image from \u2013\" srcset=\"https:\/\/besthousemarbella.com\/wp-content\/uploads\/2025\/10\/Complex-scaled-1.webp 2560w, https:\/\/besthousemarbella.com\/wp-content\/uploads\/2025\/10\/Complex-scaled-1-1536x1152.webp 1536w, https:\/\/besthousemarbella.com\/wp-content\/uploads\/2025\/10\/Complex-scaled-1-2048x1536.webp 2048w, https:\/\/besthousemarbella.com\/wp-content\/uploads\/2025\/10\/Complex-scaled-1-584x438.webp 584w\" sizes=\"(max-width: 2560px) 100vw, 2560px\" title=\"\">\t\t\t<\/a>\n\t\t<\/div><!-- blog-post-thumb -->\n\t\t\n\t\t<div class=\"blog-post-content-wrap\">\n\t\t\t<div class=\"blog-post-meta small\">\n\t\t\t\t<ul class=\"list-inline d-flex align-items-center mb-1\">\n\t\t\t\t\t\t\t\t\t\t<li class=\"list-inline-item\">\n\t\t\t\t\t\t<time datetime=\"5 de noviembre de 2025\"><i class=\"houzez-icon icon-calendar-3 me-1\"><\/i> 5 de noviembre de 2025<\/time>\n\t\t\t\t\t<\/li>\n\t\t\t\t\t\n\t\t\t\t\t\n\t\t\t\t<\/ul>\n\t\t\t<\/div><!-- blog-post-meta -->\n\t\t\t<div class=\"blog-post-title\">\n\t\t\t\t<h3 class=\"mb-1\"><a href=\"https:\/\/besthousemarbella.com\/es\/blog\/costes-adicionales-al-comprar-una-propiedad-en-marbella\/\">\u00bfQu\u00e9 Costes Adicionales Debo Considerar al Comprar Una Propiedad en Marbella?<\/a><\/h3>\n\t\t\t<\/div><!-- blog-post-title -->\n\t\t\t<div class=\"blog-post-body mb-1\">\n\t\t\t\t\u00bfQu\u00e9 Costes Adicionales Debo Considerar al Comprar Una Propiedad en...\t\t\t<\/div><!-- blog-post-body -->\n\t\t\t<div class=\"blog-post-link small\">\n\t\t\t\t<a href=\"https:\/\/besthousemarbella.com\/es\/blog\/costes-adicionales-al-comprar-una-propiedad-en-marbella\/\">Sigue leyendo<\/a>\n\t\t\t<\/div><!-- blog-post-link -->\n\t\t<\/div><!-- blog-post-content-wrap -->\n\t\t\t<\/div><!-- blog-post-item -->\n<\/div><!-- blog-post-item-wrap --><div class=\"blog-post-item-wrap\">\n\t<div id=\"post-28435\" class=\"blog-post-item blog-post-item-v1 mb-3 post-28435 post type-post status-publish format-standard has-post-thumbnail hentry category-bienes-inmuebles category-estilo-de-vida\">\n\t\t\n\t\t\t\t<div class=\"blog-post-thumb\">\n\t\t\t<a href=\"https:\/\/besthousemarbella.com\/es\/blog\/mudarse-a-marbella-la-guia-definitiva-para-trasladarse-en-2025\/\" class=\"hover-effect image-wrap\">\n\t\t\t\t<img loading=\"lazy\" decoding=\"async\" width=\"1920\" height=\"1080\" src=\"https:\/\/besthousemarbella.com\/wp-content\/uploads\/2025\/10\/27.webp\" class=\"img-fluid wp-post-image\" alt=\"\u00c1tico d\u00faplex de lujo frente al mar en Playa Esmeralda, Marbella, con vistas panor\u00e1micas al Mediterr\u00e1neo.\" srcset=\"https:\/\/besthousemarbella.com\/wp-content\/uploads\/2025\/10\/27.webp 1920w, https:\/\/besthousemarbella.com\/wp-content\/uploads\/2025\/10\/27-1536x864.webp 1536w\" sizes=\"(max-width: 1920px) 100vw, 1920px\" title=\"\">\t\t\t<\/a>\n\t\t<\/div><!-- blog-post-thumb -->\n\t\t\n\t\t<div class=\"blog-post-content-wrap\">\n\t\t\t<div class=\"blog-post-meta small\">\n\t\t\t\t<ul class=\"list-inline d-flex align-items-center mb-1\">\n\t\t\t\t\t\t\t\t\t\t<li class=\"list-inline-item\">\n\t\t\t\t\t\t<time datetime=\"22 de octubre de 2025\"><i class=\"houzez-icon icon-calendar-3 me-1\"><\/i> 22 de octubre de 2025<\/time>\n\t\t\t\t\t<\/li>\n\t\t\t\t\t\n\t\t\t\t\t\n\t\t\t\t<\/ul>\n\t\t\t<\/div><!-- blog-post-meta -->\n\t\t\t<div class=\"blog-post-title\">\n\t\t\t\t<h3 class=\"mb-1\"><a href=\"https:\/\/besthousemarbella.com\/es\/blog\/mudarse-a-marbella-la-guia-definitiva-para-trasladarse-en-2025\/\">Mudarse a Marbella: la gu\u00eda definitiva para trasladarse en 2026<\/a><\/h3>\n\t\t\t<\/div><!-- blog-post-title -->\n\t\t\t<div class=\"blog-post-body mb-1\">\n\t\t\t\tMudarse a Marbella: la gu\u00eda definitiva para trasladarse en 2026 Tabla de...\t\t\t<\/div><!-- blog-post-body -->\n\t\t\t<div class=\"blog-post-link small\">\n\t\t\t\t<a href=\"https:\/\/besthousemarbella.com\/es\/blog\/mudarse-a-marbella-la-guia-definitiva-para-trasladarse-en-2025\/\">Sigue leyendo<\/a>\n\t\t\t<\/div><!-- blog-post-link -->\n\t\t<\/div><!-- blog-post-content-wrap -->\n\t\t\t<\/div><!-- blog-post-item -->\n<\/div><!-- blog-post-item-wrap --><div class=\"blog-post-item-wrap\">\n\t<div id=\"post-28439\" class=\"blog-post-item blog-post-item-v1 mb-3 post-28439 post type-post status-publish format-standard hentry category-bienes-inmuebles category-compra category-estilo-de-vida category-inversiones\">\n\t\t\n\t\t\n\t\t<div class=\"blog-post-content-wrap\">\n\t\t\t<div class=\"blog-post-meta small\">\n\t\t\t\t<ul class=\"list-inline d-flex align-items-center mb-1\">\n\t\t\t\t\t\t\t\t\t\t<li class=\"list-inline-item\">\n\t\t\t\t\t\t<time datetime=\"10 de octubre de 2025\"><i class=\"houzez-icon icon-calendar-3 me-1\"><\/i> 10 de octubre de 2025<\/time>\n\t\t\t\t\t<\/li>\n\t\t\t\t\t\n\t\t\t\t\t\n\t\t\t\t<\/ul>\n\t\t\t<\/div><!-- blog-post-meta -->\n\t\t\t<div class=\"blog-post-title\">\n\t\t\t\t<h3 class=\"mb-1\"><a href=\"https:\/\/besthousemarbella.com\/es\/blog\/lo-que-necesita-saber-antes-de-comprar-una-propiedad-en-la-costa-del-sol-como-extranjero\/\">Qu\u00e9 Saber Antes de Comprar una Propiedad en la Costa del Sol como Extranjero<\/a><\/h3>\n\t\t\t<\/div><!-- blog-post-title -->\n\t\t\t<div class=\"blog-post-body mb-1\">\n\t\t\t\tQu\u00e9 Saber Antes de Comprar una Propiedad en la Costa del Sol como Extranjero Tabla...\t\t\t<\/div><!-- blog-post-body -->\n\t\t\t<div class=\"blog-post-link small\">\n\t\t\t\t<a href=\"https:\/\/besthousemarbella.com\/es\/blog\/lo-que-necesita-saber-antes-de-comprar-una-propiedad-en-la-costa-del-sol-como-extranjero\/\">Sigue leyendo<\/a>\n\t\t\t<\/div><!-- blog-post-link -->\n\t\t<\/div><!-- blog-post-content-wrap -->\n\t\t\t<\/div><!-- blog-post-item -->\n<\/div><!-- blog-post-item-wrap -->            <\/div>\n        <\/div>\n\n        \t\t\t\t<\/div>\n\t\t\t\t<\/div>\n\t\t\t\t\t<\/div>\n\t\t\t\t<\/div>\n\t\t<div class=\"elementor-element elementor-element-720dc30 e-flex e-con-boxed e-con e-parent\" data-id=\"720dc30\" data-element_type=\"container\" data-e-type=\"container\">\n\t\t\t\t\t<div class=\"e-con-inner\">\n\t\t\t\t<div class=\"elementor-element elementor-element-a526077 elementor-widget elementor-widget-spacer\" data-id=\"a526077\" data-element_type=\"widget\" data-e-type=\"widget\" data-widget_type=\"spacer.default\">\n\t\t\t\t<div class=\"elementor-widget-container\">\n\t\t\t\t\t\t\t<div class=\"elementor-spacer\">\n\t\t\t<div class=\"elementor-spacer-inner\"><\/div>\n\t\t<\/div>\n\t\t\t\t\t\t<\/div>\n\t\t\t\t<\/div>\n\t\t\t\t\t<\/div>\n\t\t\t\t<\/div>\n\t\t\t\t<\/div>\n\t\t","protected":false},"excerpt":{"rendered":"<p>Consejos Expertos Inmobiliarios &amp; Tendencias del Mercado en Marbella Art\u00edculos Sobre el Mercado Inmobiliario de Lujo en Marbella Ofrecemos acceso a las propiedades m\u00e1s prestigiosas, un profundo conocimiento del mercado y asesoramiento personalizado para garantizar que usted tome una decisi\u00f3n segura y rentable. Explore nuestros art\u00edculos especializados para mantenerse informado sobre las previsiones del mercado [&hellip;]<\/p>\n","protected":false},"author":2,"featured_media":32743,"parent":0,"menu_order":0,"comment_status":"closed","ping_status":"closed","template":"elementor_header_footer","meta":{"footnotes":""},"class_list":["post-32881","page","type-page","status-publish","has-post-thumbnail","hentry"],"_links":{"self":[{"href":"https:\/\/besthousemarbella.com\/es\/wp-json\/wp\/v2\/pages\/32881","targetHints":{"allow":["GET"]}}],"collection":[{"href":"https:\/\/besthousemarbella.com\/es\/wp-json\/wp\/v2\/pages"}],"about":[{"href":"https:\/\/besthousemarbella.com\/es\/wp-json\/wp\/v2\/types\/page"}],"author":[{"embeddable":true,"href":"https:\/\/besthousemarbella.com\/es\/wp-json\/wp\/v2\/users\/2"}],"replies":[{"embeddable":true,"href":"https:\/\/besthousemarbella.com\/es\/wp-json\/wp\/v2\/comments?post=32881"}],"version-history":[{"count":0,"href":"https:\/\/besthousemarbella.com\/es\/wp-json\/wp\/v2\/pages\/32881\/revisions"}],"wp:featuredmedia":[{"embeddable":true,"href":"https:\/\/besthousemarbella.com\/es\/wp-json\/wp\/v2\/media\/32743"}],"wp:attachment":[{"href":"https:\/\/besthousemarbella.com\/es\/wp-json\/wp\/v2\/media?parent=32881"}],"curies":[{"name":"wp","href":"https:\/\/api.w.org\/{rel}","templated":true}]}}