{"id":27106,"date":"2025-05-31T18:57:18","date_gmt":"2025-05-31T16:57:18","guid":{"rendered":"https:\/\/besthousemarbella.com\/meilleure-adequation\/"},"modified":"2026-02-23T18:13:48","modified_gmt":"2026-02-23T16:13:48","slug":"best-match-en-francais","status":"publish","type":"page","link":"https:\/\/besthousemarbella.com\/fr\/best-match-en-francais\/","title":{"rendered":"Best Match en Fran\u00e7ais"},"content":{"rendered":"\t\t<div data-elementor-type=\"wp-page\" data-elementor-id=\"27106\" class=\"elementor elementor-27106 elementor-26045\" data-elementor-post-type=\"page\">\n\t\t\t\t<div class=\"elementor-element elementor-element-7d0b7ce e-con-full e-flex e-con e-child\" data-id=\"7d0b7ce\" data-element_type=\"container\" data-e-type=\"container\" data-settings=\"{&quot;background_background&quot;:&quot;classic&quot;}\">\n\t\t\t\t<div class=\"elementor-element elementor-element-7cf277a elementor-widget elementor-widget-spacer\" data-id=\"7cf277a\" data-element_type=\"widget\" data-e-type=\"widget\" data-widget_type=\"spacer.default\">\n\t\t\t\t<div class=\"elementor-widget-container\">\n\t\t\t\t\t\t\t<div class=\"elementor-spacer\">\n\t\t\t<div class=\"elementor-spacer-inner\"><\/div>\n\t\t<\/div>\n\t\t\t\t\t\t<\/div>\n\t\t\t\t<\/div>\n\t\t\t\t<div class=\"elementor-element elementor-element-081999e elementor-widget elementor-widget-heading\" data-id=\"081999e\" data-element_type=\"widget\" data-e-type=\"widget\" data-widget_type=\"heading.default\">\n\t\t\t\t<div class=\"elementor-widget-container\">\n\t\t\t\t\t<h2 class=\"elementor-heading-title elementor-size-default\">Une fa\u00e7on plus intelligente de trouver la propri\u00e9t\u00e9 de vos r\u00eaves<\/h2>\t\t\t\t<\/div>\n\t\t\t\t<\/div>\n\t\t\t\t<div class=\"elementor-element elementor-element-5e197da elementor-widget elementor-widget-heading\" data-id=\"5e197da\" data-element_type=\"widget\" data-e-type=\"widget\" data-widget_type=\"heading.default\">\n\t\t\t\t<div class=\"elementor-widget-container\">\n\t\t\t\t\t<h1 class=\"elementor-heading-title elementor-size-default\">Trouvez votre meilleur partenaire<\/h1>\t\t\t\t<\/div>\n\t\t\t\t<\/div>\n\t\t\t\t<div class=\"elementor-element elementor-element-c3f808a elementor-widget elementor-widget-text-editor\" data-id=\"c3f808a\" data-element_type=\"widget\" data-e-type=\"widget\" data-widget_type=\"text-editor.default\">\n\t\t\t\t<div class=\"elementor-widget-container\">\n\t\t\t\t\t\t\t\t\t<p>R\u00e9pondez \u00e0 6 questions rapides et d\u00e9bloquez un portefeuille personnalis\u00e9 de propri\u00e9t\u00e9s tri\u00e9es sur le volet par notre \u00e9quipe d&#8217;experts.<\/p>\t\t\t\t\t\t\t\t<\/div>\n\t\t\t\t<\/div>\n\t\t\t\t<\/div>\n\t\t<div class=\"elementor-element elementor-element-67164ee e-flex e-con-boxed e-con e-parent\" data-id=\"67164ee\" data-element_type=\"container\" data-e-type=\"container\" data-settings=\"{&quot;background_background&quot;:&quot;classic&quot;}\">\n\t\t\t\t\t<div class=\"e-con-inner\">\n\t\t\t\t<div class=\"elementor-element elementor-element-1ac277e elementor-widget__width-inherit elementor-widget elementor-widget-html\" data-id=\"1ac277e\" data-element_type=\"widget\" data-e-type=\"widget\" data-widget_type=\"html.default\">\n\t\t\t\t<div class=\"elementor-widget-container\">\n\t\t\t\t\t<style>\n    .ff_conv_app_12 { background-color: rgb(2, 4, 24); }.ff_conv_app_12 .ffc-counter-div span { color: rgb(230, 184, 35); }.ff_conv_app_12 .ffc-counter-div .counter-icon-span svg { fill: rgb(230, 184, 35) !important; }.ff_conv_app_12 .f-label-wrap, .ff_conv_app_12 .f-answer { color: rgb(230, 184, 35) !important; }.ff_conv_app_12 .f-label-wrap .f-key { border-color: rgb(230, 184, 35) !important; }.ff_conv_app_12 .f-label-wrap .f-key-hint { border-color: rgb(230, 184, 35) !important; }.ff_conv_app_12 .f-answer .f-radios-wrap ul li { background-color: rgba(230, 184, 35,0.1) !important; border: 1px solid rgb(230, 184, 35); }.ff_conv_app_12 .f-answer .f-radios-wrap ul li:focus { background-color: rgba(230, 184, 35,0.3) !important }.ff_conv_app_12 .f-answer .f-radios-wrap ul li:hover { background-color: rgba(230, 184, 35,0.3) !important }.ff_conv_app_12 .f-answer .f-radios-wrap ul li.f-selected .f-key { background-color: rgb(230, 184, 35) !important; color: white; }.ff_conv_app_12 .f-answer .f-radios-wrap ul li.f-selected .f-key-hint { background-color: rgb(230, 184, 35); }.ff_conv_app_12 .f-answer .f-radios-wrap ul li.f-selected svg { fill: rgb(230, 184, 35) !important; }.ff_conv_app_12 .f-answer input, .ff_conv_app_12 .f-answer textarea{ color: rgb(230, 184, 35) !important; box-shadow: rgb(230, 184, 35) 0px 1px; }.ff_conv_app_12 .f-answer input:focus, .ff_conv_app_12 .f-answer textarea:focus { box-shadow: rgb(230, 184, 35) 0px 2px !important; }.ff_conv_app_12 .f-answer textarea::placeholder, .ff_conv_app_12 .f-answer input::placeholder { color: rgb(230, 184, 35) !important; }.ff_conv_app_12 .text-success { color: rgb(230, 184, 35) !important; }.ff_conv_app_12 .f-answer .f-matrix-table tbody td { background-color: rgba(230, 184, 35,0.1); }.ff_conv_app_12 .f-answer .f-matrix-table input { border-color: rgba(230, 184, 35,0.8); }.ff_conv_app_12 .f-answer .f-matrix-table input.f-radio-control:checked::after { background-color: rgb(230, 184, 35); }.ff_conv_app_12 .f-answer .f-matrix-table input:focus::before { border-color: rgb(230, 184, 35); }.ff_conv_app_12 .f-answer .f-matrix-table input.f-checkbox-control:checked { background-color: rgb(230, 184, 35); }.ff_conv_app_12 .f-answer .f-matrix-table tbody tr::after { border-right-color: rgb(230, 184, 35); }.ff_conv_app_12 .f-answer .f-matrix-table .f-table-cell.f-row-cell { box-shadow: rgba(230, 184, 35,0.1) 0px 0px 0px 100vh inset; }.ff_conv_app_12 .f-answer .ff_file_upload_field_wrap { background-color: rgba(230, 184, 35,0.1); border-color: rgba(230, 184, 35,0.8); }.ff_conv_app_12 .f-answer .ff_file_upload_field_wrap:hover { background-color: rgba(230, 184, 35,0.3);}.ff_conv_app_12 .f-answer .ff_file_upload_field_wrap:focus-within { background-color: rgba(230, 184, 35,0.3); }.ff_conv_app_12 .f-answer .ff-upload-preview { border-color: rgba(230, 184, 35,0.8); }.ff_conv_app_12 .f-answer .ff-upload-preview .ff-upload-thumb { background-color: rgba(230, 184, 35,0.3); }.ff_conv_app_12 .f-answer .ff-upload-preview .ff-upload-details { border-left-color: rgba(230, 184, 35,0.8); }.ff_conv_app_12 .f-answer .ff-upload-preview .ff-upload-details .ff-el-progress { border-left-color: rgba(230, 184, 35,0.8); }.ff_conv_app_12 .f-answer .ff-upload-preview .ff-upload-details .ff-el-progress { background-color: rgba(230, 184, 35,0.1); }.ff_conv_app_12 .f-answer .ff-upload-preview .ff-upload-details .ff-el-progress .ff-el-progress-bar { background-color: rgb(230, 184, 35); }.ff_conv_app_12 .f-answer .f-star-wrap .f-star-field-wrap::before { background-color: rgb(230, 184, 35); }.ff_conv_app_12 .f-answer .f-star-wrap .f-star-field-wrap .f-star-field .f-star-field-star .symbolOutline { fill: rgb(230, 184, 35); }.ff_conv_app_12 .f-answer .f-star-wrap .f-star-field-wrap .f-star-field .f-star-field-rating { color: rgb(230, 184, 35); }.ff_conv_app_12 .f-answer .f-star-wrap .f-star-field-wrap.is-hovered .symbolFill { fill: rgba(230, 184, 35,0.1); }.ff_conv_app_12 .f-answer .f-star-wrap .f-star-field-wrap.is-selected .symbolFill { fill: rgb(230, 184, 35); }.ff_conv_app_12 .f-answer .f-payment-summary-wrap tbody td { background-color: rgba(230, 184, 35,0.1); }.ff_conv_app_12 .f-answer .f-payment-summary-wrap tfoot th { background-color: rgba(230, 184, 35,0.1); }.ff_conv_app_12 .f-answer .stripe-inline-holder { border-bottom: 1px solid rgb(230, 184, 35); }.ff_conv_app_12 .f-answer .StripeElement--focus { border-bottom: 2.5px solid rgb(230, 184, 35); }.ff_conv_app_12 .ff_conv_input .f-info { color: rgb(230, 184, 35); }.ff_conv_app_12 .f-answer .el-slider__runway {background-color: rgb(230, 184, 35);}.ff_conv_app_12 .fh2 .f-text { color: rgb(255, 255, 255); }.ff_conv_app_12 .fh2 .f-tagline, .ff_conv_app_12 .f-sub .f-help { color: rgba(255, 255, 255,0.70); }.ff_conv_app_12 .fh2 .stripe-inline-header { color: rgb(255, 255, 255); }.ff_conv_app_12 .q-inner .o-btn-action, .ff_conv_app_12 .footer-inner-wrap .f-nav { background-color: #E6B823; }.ff_conv_app_12 .q-inner .o-btn-action span, .ff_conv_app_12 .footer-inner-wrap .f-nav a { color: #FFFFFF; } .ff_conv_app_12 .f-enter .f-enter-desc { color: #E6B823; }.ff_conv_app_12 .footer-inner-wrap .f-nav a svg { fill: #FFFFFF; }.ff_conv_app_12 .vff-footer .f-progress-bar { background-color: rgba(230,184,35, 0.3); }.ff_conv_app_12 .vff-footer .f-progress-bar-inner { background-color: #E6B823; }.ff_conv_app_12 .q-inner .o-btn-action:hover { background-color: #E6B823D6; }.ff_conv_app_12 .q-inner .o-btn-action:focus::after { border-radius: 6px; inset: -3px; box-shadow: #E6B823 0px 0px 0px 2px; }.ff_conv_app_12 .f-answer .f-radios-wrap ul li.f-selected .f-key { color: rgb(2, 4, 24); }.ff_conv_app_12 .footer-inner-wrap .f-nav a.ffc_power { display: none !important; } .ff-btn-submit { background-color: #1a7efb; color: #ffffff; }  .vff-footer .footer-inner-wrap {\n    background: #fff !important;\n  }\n\n  .vff .f-required {\n    color: #E6B823 !important;\n  }\n\n@media screen and (min-width: 768px) {\n  .ff_conv_app_8 .f-answer .f-radios-wrap ul li {\n    background-color: transparent !important;\n    border: none !important;\n  }\n\n  .vff .field-multiplepicturechoice ul.f-radios li span.f-image img {\n    margin-bottom: 0 !important;\n    max-height: none !important;\n    max-width: 255px !important;\n  }\n\n  .vff ul.f-radios li span.f-key {\n    background-color: #020418 !important;\n  }\n\n  .vff .f-answer .f-image img {\n    border-radius: 20px;\n  }\n\n  .vff .field-multiplepicturechoice ul.f-radios {\n    display: flex;\n    flex-wrap: nowrap !important;\n    gap: 12px;\n    max-width: 1150px !important;\n    min-width: 1050px !important;\n  }\n\n  .vff .field-multiplepicturechoice ul.f-radios li {\n    flex: 0 0 180px;\n  }\n\n  .vff .field-multiplepicturechoice ul.f-radios li img {\n    width: 100%;\n    height: auto;\n    display: block;\n  }\n\n  img {\n    max-width: 100%;\n    height: auto;\n  }\n\n  .ff_conv_app_frame .vff {\n    padding-right: 400px !important;\n    padding-left: 0px !important;\n    margin-top: -40px !important;\n  }\n\n  .vff .field-multiplepicturechoice ul.f-radios li span.f-image {\n    display: block;\n    width: 100%;\n    aspect-ratio: 1 \/ 1;\n    overflow: hidden;\n    border-radius: 20px;\n  }\n\n  .vff .field-multiplepicturechoice ul.f-radios li span.f-image img {\n    width: 100%;\n    height: 100%;\n    object-fit: cover;\n    border-radius: 20px;\n    display: block;\n  }\n\n  .vff ul.f-radios li div.f-label-wrap {\n    padding-top: 20px !important;\n  }\n}\n<\/style>\n<div class=\"ffc_conv_wrapper ffc_inline_form\">\n    <div class=\"frm-fluent-form ff_conv_app fluent_form_12 ff_conv_app_frame ff_conv_app_12 ffc_media_hide_mob_no\" data-form_id=\"12\">\n        <div data-var_name=\"fluent_forms_global_var_1\" class=\"ffc_conv_form\" style=\"width: 100%\" id=\"ffc_app_instance_1\"><\/div>\n    <\/div>\n<\/div>\n\t\t\t\t<\/div>\n\t\t\t\t<\/div>\n\t\t\t\t\t<\/div>\n\t\t\t\t<\/div>\n\t\t<div class=\"elementor-element elementor-element-8e67589 e-flex e-con-boxed e-con e-parent\" data-id=\"8e67589\" data-element_type=\"container\" data-e-type=\"container\" data-settings=\"{&quot;background_background&quot;:&quot;classic&quot;}\">\n\t\t\t\t\t<div class=\"e-con-inner\">\n\t\t\t\t<div class=\"elementor-element elementor-element-f52c3b9 elementor-widget elementor-widget-spacer\" data-id=\"f52c3b9\" data-element_type=\"widget\" data-e-type=\"widget\" data-widget_type=\"spacer.default\">\n\t\t\t\t<div class=\"elementor-widget-container\">\n\t\t\t\t\t\t\t<div class=\"elementor-spacer\">\n\t\t\t<div class=\"elementor-spacer-inner\"><\/div>\n\t\t<\/div>\n\t\t\t\t\t\t<\/div>\n\t\t\t\t<\/div>\n\t\t\t\t\t<\/div>\n\t\t\t\t<\/div>\n\t\t\t\t<\/div>\n\t\t","protected":false},"excerpt":{"rendered":"<p>Une fa\u00e7on plus intelligente de trouver la propri\u00e9t\u00e9 de vos r\u00eaves Trouvez votre meilleur partenaire R\u00e9pondez \u00e0 6 questions rapides et d\u00e9bloquez un portefeuille personnalis\u00e9 de propri\u00e9t\u00e9s tri\u00e9es sur le volet par notre \u00e9quipe d&#8217;experts.<\/p>\n","protected":false},"author":2,"featured_media":0,"parent":0,"menu_order":0,"comment_status":"closed","ping_status":"closed","template":"elementor_header_footer","meta":{"footnotes":""},"class_list":["post-27106","page","type-page","status-publish","hentry"],"_links":{"self":[{"href":"https:\/\/besthousemarbella.com\/fr\/wp-json\/wp\/v2\/pages\/27106","targetHints":{"allow":["GET"]}}],"collection":[{"href":"https:\/\/besthousemarbella.com\/fr\/wp-json\/wp\/v2\/pages"}],"about":[{"href":"https:\/\/besthousemarbella.com\/fr\/wp-json\/wp\/v2\/types\/page"}],"author":[{"embeddable":true,"href":"https:\/\/besthousemarbella.com\/fr\/wp-json\/wp\/v2\/users\/2"}],"replies":[{"embeddable":true,"href":"https:\/\/besthousemarbella.com\/fr\/wp-json\/wp\/v2\/comments?post=27106"}],"version-history":[{"count":0,"href":"https:\/\/besthousemarbella.com\/fr\/wp-json\/wp\/v2\/pages\/27106\/revisions"}],"wp:attachment":[{"href":"https:\/\/besthousemarbella.com\/fr\/wp-json\/wp\/v2\/media?parent=27106"}],"curies":[{"name":"wp","href":"https:\/\/api.w.org\/{rel}","templated":true}]}}