{"id":27110,"date":"2025-03-03T15:10:32","date_gmt":"2025-03-03T13:10:32","guid":{"rendered":"https:\/\/besthousemarbella.com\/avis-juridique\/"},"modified":"2026-02-23T16:05:40","modified_gmt":"2026-02-23T14:05:40","slug":"avis-juridique","status":"publish","type":"page","link":"https:\/\/besthousemarbella.com\/fr\/avis-juridique\/","title":{"rendered":"Avis juridique"},"content":{"rendered":"\t\t<div data-elementor-type=\"wp-page\" data-elementor-id=\"27110\" class=\"elementor elementor-27110 elementor-20504\" data-elementor-post-type=\"page\">\n\t\t\t\t<div class=\"elementor-element elementor-element-aa081da e-flex e-con-boxed e-con e-parent\" data-id=\"aa081da\" data-element_type=\"container\" data-e-type=\"container\" data-settings=\"{&quot;background_background&quot;:&quot;classic&quot;}\">\n\t\t\t\t\t<div class=\"e-con-inner\">\n\t\t\t\t<div class=\"elementor-element elementor-element-2cbbe86 elementor-widget elementor-widget-houzez_elementor_space\" data-id=\"2cbbe86\" data-element_type=\"widget\" data-e-type=\"widget\" data-widget_type=\"houzez_elementor_space.default\">\n\t\t\t\t<div class=\"elementor-widget-container\">\n\t\t\t\t\t        <div class=\"houzez-spacer\">\n            <div class=\"houzez-spacer-inner\"><\/div>\n        <\/div>\n        \t\t\t\t<\/div>\n\t\t\t\t<\/div>\n\t\t\t\t\t<\/div>\n\t\t\t\t<\/div>\n\t\t<div class=\"elementor-element elementor-element-1287771 e-flex e-con-boxed e-con e-parent\" data-id=\"1287771\" data-element_type=\"container\" data-e-type=\"container\" data-settings=\"{&quot;background_background&quot;:&quot;classic&quot;}\">\n\t\t\t\t\t<div class=\"e-con-inner\">\n\t\t\t\t<div class=\"elementor-element elementor-element-2c3847b elementor-widget elementor-widget-text-editor\" data-id=\"2c3847b\" data-element_type=\"widget\" data-e-type=\"widget\" data-widget_type=\"text-editor.default\">\n\t\t\t\t<div class=\"elementor-widget-container\">\n\t\t\t\t\t\t\t\t\t<h1>Avis juridique<\/h1>\n<div><br><\/div>\n<p>Conform\u00e9ment aux dispositions de l&#8217;article 10 de la loi 34\/2002 du 11 juillet sur les services de la soci\u00e9t\u00e9 de l&#8217;information et le commerce \u00e9lectronique, les donn\u00e9es d&#8217;identification de l&#8217;entreprise sont fournies ci-dessous :<\/p>\n<ul>\n<li><strong>Nom de l&#8217;entreprise : <\/strong>JARLE INVEST, S.L.U.<\/li>\n<li><strong>Nom commercial : <\/strong>Best House Marbella<\/li>\n<li><strong>Code d&#8217;identification fiscale : <\/strong>B93712990<\/li>\n<li><strong>Adresse : <\/strong>Av. Rotary International, Ed. Terrazas de Ban\u00fas, 32, 29660, Marbella, M\u00e1laga.  <\/li>\n<li><strong>Num\u00e9ro de t\u00e9l\u00e9phone : <\/strong>+34 951386700<\/li>\n<li><strong>Courriel<\/strong>: info@besthousemarbella.com<\/li>\n<li><strong>Site Internet en ligne de Best House Marbella, ci-apr\u00e8s d\u00e9nomm\u00e9 &#8220;le site Internet <\/strong>&#8221; : https:\/\/www.besthousemarbella.com\/<\/li>\n<\/ul>\n<h2>&nbsp;<\/h2>\n<h2>1.<strong> <\/strong>Marque d\u00e9pos\u00e9e<strong> <\/strong><\/h2>\n<p>Best House Marbella<\/p>\n<p><img decoding=\"async\" src=\"https:\/\/besthousemarbella.com\/wp-content\/uploads\/2024\/08\/LOGO-Hrz-gris-RGB-2-300x62.png\" alt=\"Image from \u2013\" width=\"300\" height=\"62\" title=\"\"><\/p>\n<h2>&nbsp;<\/h2>\n<h2>2.<strong> <\/strong>Objet<\/h2>\n<p>Le site web en ligne de Best House Marbella (ci-apr\u00e8s, le &#8220;site web&#8221;) est la propri\u00e9t\u00e9 de JARLE INVEST, S.L.U., qui met ce document \u00e0 la disposition des utilisateurs afin de respecter les obligations pr\u00e9vues par la loi 34\/2002 sur les services de la soci\u00e9t\u00e9 de l&#8217;information et le commerce \u00e9lectronique (LSSI-CE) et d&#8217;informer tous les utilisateurs du site web des conditions g\u00e9n\u00e9rales r\u00e9gissant son utilisation.<\/p>\n<p>JARLE INVEST, S.L.U. fournit les contenus et les services disponibles sur le site web, sous r\u00e9serve :<\/p>\n<ol>\n<li>le pr\u00e9sent avis juridique ;<\/li>\n<li>la politique de confidentialit\u00e9 et de protection des donn\u00e9es ; et<\/li>\n<li>la politique en mati\u00e8re de cookies.<\/li>\n<\/ol>\n<div><br><\/div>\n<h5>2.1. Acceptation<\/h5>\n<p>L&#8217;acc\u00e8s \u00e0 ce site Web ou son utilisation sous quelque forme que ce soit conf\u00e8re le statut d'&#8221; utilisateur &#8221; et implique la pleine acceptation de i) chacune des pr\u00e9sentes conditions g\u00e9n\u00e9rales d&#8217;utilisation ; ii) la politique de confidentialit\u00e9 et de protection des donn\u00e9es ; et iii) la politique en mati\u00e8re de cookies, JARLE INVEST, S.L.U. se r\u00e9servant le droit de les modifier \u00e0 tout moment.   <\/p>\n<p>Par cons\u00e9quent, tous les utilisateurs doivent lire attentivement la version actuelle de ces mentions l\u00e9gales chaque fois qu&#8217;ils acc\u00e8dent \u00e0 ce site web, et si l&#8217;utilisateur n&#8217;est pas d&#8217;accord avec l&#8217;une des dispositions \u00e9nonc\u00e9es ici, il doit s&#8217;abstenir d&#8217;utiliser le site web.<\/p>\n<p>Toute personne physique ou morale r\u00e9sidant ou vivant dans d&#8217;autres pays de l&#8217;Union europ\u00e9enne ou en dehors de l&#8217;Union europ\u00e9enne doit s&#8217;assurer que l&#8217;acc\u00e8s et l&#8217;utilisation du site Web et\/ou de ses contenus sont autoris\u00e9s conform\u00e9ment \u00e0 sa l\u00e9gislation nationale. Dans tous les cas, l&#8217;acc\u00e8s et l&#8217;utilisation du site Web par un utilisateur qui ne remplit pas la condition de r\u00e9sidence en Espagne seront consid\u00e9r\u00e9s comme \u00e9tant effectu\u00e9s sous sa propre responsabilit\u00e9, ce qui exon\u00e8re JARLE INVEST, S.L.U. de toute responsabilit\u00e9 dans la mesure o\u00f9 la l\u00e9gislation applicable le permet. <\/p>\n<p>L&#8217;acc\u00e8s et l&#8217;utilisation du portail par des mineurs sont interdits. JARLE INVEST, S.L.U. n&#8217;est pas responsable de la v\u00e9racit\u00e9 et de l&#8217;exactitude des donn\u00e9es fournies par un utilisateur mineur. JARLE INVEST, S.L.U. rappelle aux utilisateurs majeurs responsables de mineurs qu&#8217;il leur incombe de d\u00e9terminer quels services et\/ou contenus sont adapt\u00e9s \u00e0 l&#8217;\u00e2ge de ces derniers.  <\/p>\n<p>De m\u00eame, nous vous informons que, parfois, des conditions particuli\u00e8res peuvent \u00eatre \u00e9tablies pour l&#8217;utilisation de services et\/ou de contenus sp\u00e9cifiques sur le site web, et que l&#8217;utilisation de ces contenus ou services implique l&#8217;acceptation des conditions particuli\u00e8res sp\u00e9cifi\u00e9es.<\/p>\n<h2><br><\/h2>\n<h2>3. Responsabilit\u00e9 de JARLE INVEST, S.L.U., force majeure et obligations de l&#8217;utilisateur<\/h2>\n<div><br><\/div>\n<p>JARLE INVEST, S.L.U. pourra interrompre le service ou mettre fin imm\u00e9diatement \u00e0 la relation avec l&#8217;utilisateur s&#8217;il constate que l&#8217;utilisation du site Web ou de l&#8217;un des services qui y sont propos\u00e9s enfreint les pr\u00e9sentes conditions g\u00e9n\u00e9rales d&#8217;utilisation.<\/p>\n<p>Ce site web a \u00e9t\u00e9 contr\u00f4l\u00e9 et v\u00e9rifi\u00e9 afin d&#8217;en assurer le bon fonctionnement. En principe, le bon fonctionnement peut \u00eatre garanti 365 jours par an, 24 heures par jour. Toutefois, JARLE INVEST, S.L.U. n&#8217;exclut pas la possibilit\u00e9 que des \u00e9v\u00e9nements de force majeure ou des circonstances impr\u00e9vues surviennent et rendent impossible l&#8217;acc\u00e8s \u00e0 la page Web. Par cons\u00e9quent, JARLE INVEST, S.L.U. ne garantit pas l&#8217;acc\u00e8s continu ni la visualisation, le t\u00e9l\u00e9chargement ou l&#8217;utilisation corrects des \u00e9l\u00e9ments et des informations de la page, qui peuvent \u00eatre entrav\u00e9s, g\u00ean\u00e9s ou interrompus par des facteurs ou des circonstances ind\u00e9pendants de sa volont\u00e9.   <\/p>\n<p>L&#8217;utilisateur sait que l&#8217;acc\u00e8s au site web n\u00e9cessite un acc\u00e8s \u00e0 Internet, que ce soit directement ou indirectement par le biais de dispositifs d&#8217;acc\u00e8s. Pour acc\u00e9der, visualiser et mettre en \u0153uvre correctement certains contenus et services du site Web, l&#8217;utilisateur devra t\u00e9l\u00e9charger sur son ordinateur des programmes informatiques sp\u00e9cifiques et d&#8217;autres \u00e9l\u00e9ments logiques. Cette installation rel\u00e8ve de la responsabilit\u00e9 de l&#8217;utilisateur et JARLE INVEST, S.L.U. d\u00e9cline toute responsabilit\u00e9 pouvant en d\u00e9couler.  <\/p>\n<p>JARLE INVEST, S.L.U. n&#8217;est pas responsable des dommages, pertes, r\u00e9clamations ou d\u00e9penses r\u00e9sultant de l&#8217;utilisation du site Web. JARLE INVEST, S.L.U. n&#8217;est responsable que de l&#8217;\u00e9limination, dans les meilleurs d\u00e9lais, des contenus susceptibles de causer de tels dommages, apr\u00e8s en avoir \u00e9t\u00e9 inform\u00e9. <\/p>\n<p>En particulier, JARLE INVEST, S.L.U. n&#8217;est pas responsable des dommages pouvant r\u00e9sulter, entre autres, de ce qui suit :<\/p>\n<ul>\n<li>Interf\u00e9rences, interruptions, d\u00e9faillances, omissions, pannes t\u00e9l\u00e9phoniques, retards, blocages ou d\u00e9connexions dans le fonctionnement du syst\u00e8me \u00e9lectronique caus\u00e9s par des d\u00e9ficiences, des surcharges et des erreurs dans les r\u00e9seaux et les lignes de t\u00e9l\u00e9communications ou par toute autre raison \u00e9chappant au contr\u00f4le de JARLE INVEST, S.L.U.<\/li>\n<li>les intrusions ill\u00e9gitimes par l&#8217;utilisation de programmes malveillants de toute nature et par tout moyen de communication, tels que les virus informatiques ou autres.<\/li>\n<li>l&#8217;utilisation incorrecte ou inappropri\u00e9e du site web.<\/li>\n<li>des erreurs de s\u00e9curit\u00e9 ou de navigation dues \u00e0 un mauvais fonctionnement du navigateur ou \u00e0 l&#8217;utilisation de versions obsol\u00e8tes de celui-ci.<\/li>\n<li>Conflits sociaux, gr\u00e8ves, r\u00e9bellions, explosions, inondations, actes et omissions des autorit\u00e9s publiques.<\/li>\n<\/ul>\n<p>L&#8217;utilisateur s&#8217;engage \u00e0 utiliser le site web, son contenu et ses services de mani\u00e8re appropri\u00e9e et l\u00e9gale, conform\u00e9ment i) \u00e0 la l\u00e9gislation applicable \u00e0 tout moment ; ii) aux conditions d&#8217;utilisation du site web ; iii) aux normes morales g\u00e9n\u00e9ralement acceptables et aux bonnes coutumes ; et iv) \u00e0 l&#8217;ordre public.    <\/p>\n<p>L&#8217;utilisateur doit fournir des informations v\u00e9ridiques lorsqu&#8217;il remplit des formulaires de donn\u00e9es personnelles sur le site Web et maintenir ces informations \u00e0 jour \u00e0 tout moment de mani\u00e8re \u00e0 ce qu&#8217;elles correspondent \u00e0 sa situation r\u00e9elle. L&#8217;utilisateur sera seul responsable de toute d\u00e9claration fausse ou inexacte et de tout dommage caus\u00e9 \u00e0 JARLE INVEST, S.L.U. ou \u00e0 des tiers du fait des informations fournies. <\/p>\n<p>Nonobstant les dispositions des paragraphes pr\u00e9c\u00e9dents, l&#8217;utilisateur doit \u00e9galement s&#8217;abstenir de :<\/p>\n<ul>\n<li>L&#8217;utilisation non autoris\u00e9e ou frauduleuse du site web et\/ou de ses contenus \u00e0 des fins ill\u00e9gales et interdites par les pr\u00e9sentes conditions d&#8217;utilisation, ou le fait de porter atteinte aux droits et aux int\u00e9r\u00eats de tiers, ou les actions susceptibles d&#8217;endommager, de d\u00e9sactiver, de surcharger, de d\u00e9t\u00e9riorer ou d&#8217;emp\u00eacher l&#8217;utilisation normale des services ou des documents, des fichiers et de tout type de contenu stock\u00e9 sur un ordinateur.<\/li>\n<li>Acc\u00e9der ou tenter d&#8217;acc\u00e9der aux zones ou ressources restreintes du site web sans remplir les conditions requises pour un tel acc\u00e8s.<\/li>\n<li>causer des dommages aux syst\u00e8mes physiques ou logiques de JARLE INVEST, S.L.U., de ses fournisseurs ou de tiers.<\/li>\n<li>Introduire ou diffuser des virus informatiques sur Internet ou tout autre syst\u00e8me physique ou logique susceptible de causer des dommages aux syst\u00e8mes physiques ou logiques de JARLE INVEST, S.L.U., de ses fournisseurs ou de tiers.<\/li>\n<li>Essayer d&#8217;acc\u00e9der, d&#8217;utiliser et\/ou de manipuler les donn\u00e9es de JARLE INVEST, S.L.U., de fournisseurs tiers et d&#8217;autres utilisateurs.<\/li>\n<li>Reproduire ou copier, distribuer, permettre l&#8217;acc\u00e8s public par tout mode de communication publique, transformer ou modifier le contenu, \u00e0 moins que l&#8217;autorisation requise du titulaire des droits correspondants n&#8217;ait \u00e9t\u00e9 obtenue ou que cela ne soit l\u00e9galement permis.<\/li>\n<li>Supprimer, cacher ou manipuler les notes relatives aux droits de propri\u00e9t\u00e9 intellectuelle ou industrielle et autres donn\u00e9es identifiant les droits de JARLE INVEST, S.L.U. ou de tiers incorpor\u00e9es dans les contenus, ainsi que les dispositifs techniques de protection ou tout m\u00e9canisme d&#8217;information pouvant \u00eatre ins\u00e9r\u00e9 dans les contenus.<\/li>\n<li>Obtenir ou tenter d&#8217;obtenir des contenus en utilisant des outils ou des proc\u00e9dures diff\u00e9rents de ceux qui, au cas par cas, sont mis \u00e0 la disposition des utilisateurs \u00e0 cet effet, ou qui ont \u00e9t\u00e9 mentionn\u00e9s sur la page web o\u00f9 les contenus sont h\u00e9berg\u00e9s ou, en g\u00e9n\u00e9ral, de ceux qui sont couramment utilis\u00e9s sur Internet, \u00e0 condition qu&#8217;ils n&#8217;impliquent pas un risque potentiel ou qu&#8217;ils n&#8217;endommagent pas ou ne d\u00e9sactivent pas le site web ou les contenus.<\/li>\n<li>En particulier, et \u00e0 des fins d&#8217;information uniquement, l&#8217;utilisateur s&#8217;engage \u00e0 ne pas transmettre, diffuser ou mettre \u00e0 la disposition de tiers des informations, donn\u00e9es, contenus, messages, graphiques, dessins, fichiers son et\/ou image, photographies, enregistrements, logiciels et, en g\u00e9n\u00e9ral, tout type de mat\u00e9riel qui :<\/li>\n<\/ul>\n<ol>\n<li>a) qui, d&#8217;une mani\u00e8re ou d&#8217;une autre, est contraire, porte atteinte ou nuit aux droits fondamentaux et aux libert\u00e9s publiques reconnus par la Constitution, aux trait\u00e9s internationaux et \u00e0 d&#8217;autres l\u00e9gislations ;<\/li>\n<li>b) incite, encourage ou promeut des actes criminels, d\u00e9nigrants, diffamatoires, d\u00e9gradants, violents ou, en g\u00e9n\u00e9ral, contraires \u00e0 la loi, aux normes morales g\u00e9n\u00e9ralement accept\u00e9es, aux bonnes coutumes et \u00e0 l&#8217;ordre public ;<\/li>\n<li>c) incite, encourage ou promeut des actes, des attitudes ou des pens\u00e9es discriminatoires en raison du sexe, de la race, de la religion, des croyances, de l&#8217;\u00e2ge ou du statut ;<\/li>\n<li>d) incorpore, met \u00e0 disposition ou permet l&#8217;acc\u00e8s \u00e0 des produits, \u00e9l\u00e9ments, messages et\/ou services criminels, violents, offensants, nuisibles, d\u00e9gradants ou, d&#8217;une mani\u00e8re g\u00e9n\u00e9rale, contraires \u00e0 la loi, aux normes morales g\u00e9n\u00e9ralement accept\u00e9es, aux bonnes coutumes et \u00e0 l&#8217;ordre public ;<\/li>\n<li>e) induit ou peut induire un \u00e9tat d&#8217;anxi\u00e9t\u00e9 ou de peur inacceptable ;<\/li>\n<li>f) incite ou encourage \u00e0 participer \u00e0 des pratiques dangereuses, risqu\u00e9es ou pr\u00e9judiciables \u00e0 la sant\u00e9 et \u00e0 l&#8217;\u00e9quilibre psychologique.<\/li>\n<\/ol>\n<div><br><\/div>\n<h5>3.1. Actions en cas de violation<\/h5>\n<div><strong><br><\/strong><\/div>\n<p>JARLE INVEST, S.L.U. se r\u00e9serve le droit d&#8217;exercer toutes les actions pr\u00e9vues par la loi pour faire respecter la responsabilit\u00e9 d\u00e9coulant de la violation de l&#8217;une des dispositions des Conditions g\u00e9n\u00e9rales d&#8217;utilisation, de la Politique de confidentialit\u00e9 et de protection des donn\u00e9es et de la Politique en mati\u00e8re de cookies.<\/p>\n<p>JARLE INVEST, S.L.U. peut retirer ou suspendre les services fournis aux utilisateurs qui ne respectent pas les dispositions des pr\u00e9sentes conditions g\u00e9n\u00e9rales d&#8217;utilisation, \u00e0 tout moment et sans pr\u00e9avis.<\/p>\n<p><br><\/p>\n<h2>4. Hyperliens<\/h2>\n<div><br><\/div>\n<p>Le site Web met \u00e0 disposition des dispositifs techniques de liaison, des r\u00e9pertoires et des outils de recherche qui permettent aux utilisateurs d&#8217;acc\u00e9der \u00e0 des sites Web et\/ou \u00e0 des pages appartenant \u00e0 des tiers et\/ou g\u00e9r\u00e9s par des tiers. Dans ces cas, JARLE INVEST, S.L.U. agit en tant que prestataire de services interm\u00e9diaire conform\u00e9ment \u00e0 l&#8217;article 17 de la loi 34\/2002 du 11 juillet sur les services de la soci\u00e9t\u00e9 de l&#8217;information et le commerce \u00e9lectronique, en vertu duquel JARLE INVEST, S.L.U. n&#8217;est responsable des contenus et des services fournis dans les hyperliens que dans la mesure o\u00f9 elle a eu connaissance du caract\u00e8re illicite de l&#8217;activit\u00e9 ou de l&#8217;information envoy\u00e9e ou recommand\u00e9e et qu&#8217;elle n&#8217;a pas d\u00e9sactiv\u00e9 le lien avec la diligence requise. <\/p>\n<p>Dans tous les cas, JARLE INVEST, S.L.U. d\u00e9clare qu&#8217;elle supprimera imm\u00e9diatement tout contenu susceptible d&#8217;enfreindre la l\u00e9gislation nationale ou internationale, la morale ou l&#8217;ordre public, en supprimant imm\u00e9diatement la redirection vers le site en question et en alertant les autorit\u00e9s comp\u00e9tentes sur les contenus en question.<\/p>\n<p>JARLE INVEST, S.L.U. ne garantit ni n&#8217;assume aucune responsabilit\u00e9 pour les dommages de toute nature qui pourraient \u00eatre dus :<\/p>\n<ol>\n<li>a) le fonctionnement, la disponibilit\u00e9, l&#8217;accessibilit\u00e9 ou la continuit\u00e9 des sites li\u00e9s ;<\/li>\n<li>b) la maintenance des informations, des contenus et des services sur les sites li\u00e9s d&#8217;une mani\u00e8re ou d&#8217;une autre ;<\/li>\n<li>c) la fourniture ou la transmission d&#8217;informations, de contenus et de services sur les sites li\u00e9s ;<\/li>\n<li>d) la qualit\u00e9, la l\u00e9galit\u00e9, la fiabilit\u00e9 et l&#8217;utilit\u00e9 des informations, des contenus et des services des sites li\u00e9s dans les m\u00eames conditions et dans la m\u00eame mesure que les contenus et les services fournis par des tiers par l&#8217;interm\u00e9diaire du portail.<\/li>\n<\/ol>\n<p>Si JARLE INVEST, S.L.U. le juge opportun ou l&#8217;exige en vertu d&#8217;une d\u00e9cision judiciaire ou administrative, elle supprimera les liens vers les pages Web qui enfreignent la l\u00e9gislation en vigueur et\/ou qui portent atteinte aux droits de tiers.<\/p>\n<h2><br><\/h2>\n<h2>5. Propri\u00e9t\u00e9 intellectuelle et industrielle<\/h2>\n<div><br><\/div>\n<p>Le site Web, y compris, mais sans s&#8217;y limiter, sa programmation, son \u00e9dition, sa compilation et les autres \u00e9l\u00e9ments n\u00e9cessaires \u00e0 son fonctionnement, les dessins, les logos, les textes et\/ou les graphiques sont la propri\u00e9t\u00e9 de JARLE INVEST, S.L.U. ou font l&#8217;objet d&#8217;une licence ou d&#8217;une autorisation de la part de leurs auteurs. Tous les contenus du site Web sont d\u00fbment prot\u00e9g\u00e9s par les lois sur la propri\u00e9t\u00e9 intellectuelle et industrielle et inscrits dans les registres publics correspondants. <\/p>\n<p>En aucun cas l&#8217;acc\u00e8s au site Web n&#8217;implique un quelconque type de renonciation, transmission, licence ou cession totale ou partielle de ces droits, sauf dans les cas o\u00f9 il est express\u00e9ment \u00e9tabli le contraire. Ind\u00e9pendamment de la finalit\u00e9 \u00e0 laquelle ils sont destin\u00e9s, la reproduction, l&#8217;utilisation, l&#8217;exploitation, la distribution et la commercialisation, totales ou partielles, requi\u00e8rent dans tous les cas l&#8217;autorisation \u00e9crite et pr\u00e9alable de JARLE INVEST, S.L.U. Toute utilisation pr\u00e9alable non autoris\u00e9e par JARLE INVEST, S.L.U. sera consid\u00e9r\u00e9e comme une violation grave des droits de propri\u00e9t\u00e9 intellectuelle ou industrielle de l&#8217;auteur. <\/p>\n<p>Les dessins, logos, textes et\/ou graphiques qui peuvent appara\u00eetre sur le site Web et qui n&#8217;appartiennent pas \u00e0 JARLE INVEST, S.L.U., appartiennent \u00e0 leurs propri\u00e9taires respectifs, et ces derniers sont responsables de toute controverse pouvant survenir \u00e0 leur sujet.<\/p>\n<p>Tout commentaire concernant d&#8217;\u00e9ventuelles violations des droits de propri\u00e9t\u00e9 intellectuelle ou industrielle ainsi que tout commentaire sur le contenu du site web peut \u00eatre adress\u00e9 \u00e0 l&#8217;adresse \u00e9lectronique suivante : <a href=\"mailto:info@besthousemarbella.com\">info@besthousemarbella.com<\/a>.<\/p>\n<h2><strong><br><\/strong><\/h2>\n<h2>6. Interdiction des communications non sollicit\u00e9es<\/h2>\n<div><strong><br><\/strong><\/div>\n<p>JARLE INVEST, S.L.U., fournisseur du service, s&#8217;engage \u00e0 ne pas :<\/p>\n<ol>\n<li>collecter des donn\u00e9es aupr\u00e8s des utilisateurs \u00e0 des fins publicitaires ou envoyer de la publicit\u00e9 de quelque type que ce soit ou des communications \u00e0 des fins de marketing ou \u00e0 d&#8217;autres fins commerciales sans demande pr\u00e9alable ou consentement expr\u00e8s ;<\/li>\n<li>Envoyer tout autre message non sollicit\u00e9 ou sans consentement pr\u00e9alable \u00e0 un groupe de personnes ;<\/li>\n<li>Envoyer des cha\u00eenes de courriels non sollicit\u00e9s ou sans consentement pr\u00e9alable ;<\/li>\n<li>Utilisez des listes de distribution accessibles via les services ;<\/li>\n<li>Fournir \u00e0 des tiers les donn\u00e9es collect\u00e9es \u00e0 partir des listes de distribution \u00e0 quelque fin que ce soit.<\/li>\n<\/ol>\n<h5><strong><br><\/strong><\/h5><h5>6.1. La lettre d&#8217;information<\/h5><div><strong><br><\/strong><\/div>\n<p>Tous les utilisateurs qui s&#8217;inscrivent au bulletin d&#8217;information de JARLE INVEST, S.L.U. acceptent express\u00e9ment la possibilit\u00e9 de recevoir des bulletins d&#8217;information cr\u00e9\u00e9s par JARLE INVEST, S.L.U., ainsi que toute autre notification que JARLE INVEST, S.L.U. jugera opportune.<\/p>\n<p>Dans tous les cas, JARLE INVEST, S.L.U. permettra \u00e0 l&#8217;utilisateur de s&#8217;opposer au traitement de ses donn\u00e9es \u00e0 des fins promotionnelles par le biais d&#8217;une proc\u00e9dure simple et gratuite, tant au moment de la collecte des donn\u00e9es que dans chaque notification commerciale envoy\u00e9e.<\/p>\n<p>Lorsque les notifications ont \u00e9t\u00e9 envoy\u00e9es par courrier \u00e9lectronique, elles comportent une adresse \u00e9lectronique \u00e0 laquelle ce droit peut \u00eatre exerc\u00e9.<\/p>\n<h2><br><\/h2><h2>7. Nullit\u00e9 partielle<\/h2><div><br><\/div>\n<p>Dans le cas o\u00f9 l&#8217;une des dispositions des pr\u00e9sentes Conditions g\u00e9n\u00e9rales d&#8217;utilisation deviendrait invalide ou nulle en vertu de la l\u00e9gislation applicable ou \u00e0 la suite d&#8217;une d\u00e9cision judiciaire ou administrative, cette invalidit\u00e9 ou nullit\u00e9 n&#8217;entra\u00eenerait pas l&#8217;invalidit\u00e9 ou la nullit\u00e9 de l&#8217;ensemble des pr\u00e9sentes Conditions g\u00e9n\u00e9rales d&#8217;utilisation. Dans ce cas, JARLE INVEST, S.L.U. modifiera ou remplacera la stipulation en question par une autre qui soit valide et applicable et qui, dans la mesure du possible, r\u00e9ponde \u00e0 l&#8217;objectif et \u00e0 l&#8217;intention refl\u00e9t\u00e9s dans la stipulation originale. <\/p>\n<h2><strong><br><\/strong><\/h2><h2>8. Droit applicable et juridiction<\/h2><div><strong><br><\/strong><\/div>\n<p>La fourniture du service du site web et les pr\u00e9sentes conditions g\u00e9n\u00e9rales d&#8217;utilisation sont soumises \u00e0 la l\u00e9gislation espagnole.<\/p>\n<p>Dans la mesure o\u00f9 la loi le permet, les parties conviennent que toute controverse d\u00e9coulant de la fourniture du service du site web sera r\u00e9solue par les tribunaux de la ville de Malaga (Espagne), renon\u00e7ant express\u00e9ment \u00e0 toute autre juridiction dont ils pourraient se pr\u00e9valoir.<\/p>\n<p><\/p>\t\t\t\t\t\t\t\t<\/div>\n\t\t\t\t<\/div>\n\t\t\t\t\t<\/div>\n\t\t\t\t<\/div>\n\t\t<div class=\"elementor-element elementor-element-2c8515c e-flex e-con-boxed e-con e-parent\" data-id=\"2c8515c\" data-element_type=\"container\" data-e-type=\"container\" data-settings=\"{&quot;background_background&quot;:&quot;classic&quot;}\">\n\t\t\t\t\t<div class=\"e-con-inner\">\n\t\t\t\t<div class=\"elementor-element elementor-element-784927e elementor-widget elementor-widget-houzez_elementor_space\" data-id=\"784927e\" data-element_type=\"widget\" data-e-type=\"widget\" data-widget_type=\"houzez_elementor_space.default\">\n\t\t\t\t<div class=\"elementor-widget-container\">\n\t\t\t\t\t        <div class=\"houzez-spacer\">\n            <div class=\"houzez-spacer-inner\"><\/div>\n        <\/div>\n        \t\t\t\t<\/div>\n\t\t\t\t<\/div>\n\t\t\t\t\t<\/div>\n\t\t\t\t<\/div>\n\t\t\t\t<\/div>\n\t\t","protected":false},"excerpt":{"rendered":"<p>Avis juridique Conform\u00e9ment aux dispositions de l&#8217;article 10 de la loi 34\/2002 du 11 juillet sur les services de la soci\u00e9t\u00e9 de l&#8217;information et le commerce \u00e9lectronique, les donn\u00e9es d&#8217;identification de l&#8217;entreprise sont fournies ci-dessous : Nom de l&#8217;entreprise : JARLE INVEST, S.L.U. Nom commercial : Best House Marbella Code d&#8217;identification fiscale : B93712990 Adresse [&hellip;]<\/p>\n","protected":false},"author":2,"featured_media":23160,"parent":0,"menu_order":-3,"comment_status":"closed","ping_status":"closed","template":"elementor_header_footer","meta":{"footnotes":""},"class_list":["post-27110","page","type-page","status-publish","has-post-thumbnail","hentry"],"_links":{"self":[{"href":"https:\/\/besthousemarbella.com\/fr\/wp-json\/wp\/v2\/pages\/27110","targetHints":{"allow":["GET"]}}],"collection":[{"href":"https:\/\/besthousemarbella.com\/fr\/wp-json\/wp\/v2\/pages"}],"about":[{"href":"https:\/\/besthousemarbella.com\/fr\/wp-json\/wp\/v2\/types\/page"}],"author":[{"embeddable":true,"href":"https:\/\/besthousemarbella.com\/fr\/wp-json\/wp\/v2\/users\/2"}],"replies":[{"embeddable":true,"href":"https:\/\/besthousemarbella.com\/fr\/wp-json\/wp\/v2\/comments?post=27110"}],"version-history":[{"count":0,"href":"https:\/\/besthousemarbella.com\/fr\/wp-json\/wp\/v2\/pages\/27110\/revisions"}],"wp:featuredmedia":[{"embeddable":true,"href":"https:\/\/besthousemarbella.com\/fr\/wp-json\/wp\/v2\/media\/23160"}],"wp:attachment":[{"href":"https:\/\/besthousemarbella.com\/fr\/wp-json\/wp\/v2\/media?parent=27110"}],"curies":[{"name":"wp","href":"https:\/\/api.w.org\/{rel}","templated":true}]}}