{"id":27163,"date":"2016-03-10T18:52:12","date_gmt":"2016-03-10T16:52:12","guid":{"rendered":"https:\/\/besthousemarbella.com\/politique-de-confidentialite\/"},"modified":"2026-02-23T15:55:10","modified_gmt":"2026-02-23T13:55:10","slug":"politique-de-confidentialite","status":"publish","type":"page","link":"https:\/\/besthousemarbella.com\/fr\/politique-de-confidentialite\/","title":{"rendered":"Politique de confidentialit\u00e9"},"content":{"rendered":"\t\t<div data-elementor-type=\"wp-page\" data-elementor-id=\"27163\" class=\"elementor elementor-27163 elementor-748\" data-elementor-post-type=\"page\">\n\t\t\t\t<div class=\"elementor-element elementor-element-3d295cc1 e-flex e-con-boxed e-con e-parent\" data-id=\"3d295cc1\" data-element_type=\"container\" data-e-type=\"container\" data-settings=\"{&quot;background_background&quot;:&quot;classic&quot;}\">\n\t\t\t\t\t<div class=\"e-con-inner\">\n\t\t\t\t<div class=\"elementor-element elementor-element-f99e8f3 elementor-widget elementor-widget-houzez_elementor_space\" data-id=\"f99e8f3\" data-element_type=\"widget\" data-e-type=\"widget\" data-widget_type=\"houzez_elementor_space.default\">\n\t\t\t\t<div class=\"elementor-widget-container\">\n\t\t\t\t\t        <div class=\"houzez-spacer\">\n            <div class=\"houzez-spacer-inner\"><\/div>\n        <\/div>\n        \t\t\t\t<\/div>\n\t\t\t\t<\/div>\n\t\t\t\t<div class=\"elementor-element elementor-element-13586fa8 elementor-widget elementor-widget-text-editor\" data-id=\"13586fa8\" data-element_type=\"widget\" data-e-type=\"widget\" data-widget_type=\"text-editor.default\">\n\t\t\t\t<div class=\"elementor-widget-container\">\n\t\t\t\t\t\t\t\t\t\n<h1>Politique de confidentialit\u00e9<\/h1>\n<p> <\/p>\n<p>Pour utiliser l&#8217;un des services ou acc\u00e9der \u00e0 des contenus sp\u00e9cifiques du site, l&#8217;utilisateur doit fournir au pr\u00e9alable \u00e0 <a href=\"https:\/\/www.besthousemarbella.com\/\">https:\/\/www.besthousemarbella.com\/<\/a> certaines donn\u00e9es personnelles. Ces donn\u00e9es personnelles ne seront pas conserv\u00e9es, sauf si l&#8217;utilisateur le demande express\u00e9ment ou s&#8217;il s&#8217;inscrit \u00e0 l&#8217;un des portails ou outils propos\u00e9s sur ce site. <\/p>\n\n<div class=\"wp-block-spacer\" style=\"height: 50px;\" aria-hidden=\"true\"> <\/div>\n\n<h2 class=\"wp-block-heading\">1. Qui est responsable du traitement de vos donn\u00e9es personnelles ?<\/h2>\n\n<p>Conform\u00e9ment aux dispositions du R\u00e8glement (UE) 2016\/679 relatif \u00e0 la protection des personnes physiques \u00e0 l&#8217;\u00e9gard du traitement des donn\u00e9es \u00e0 caract\u00e8re personnel (GDPR), vous \u00eates inform\u00e9 que les informations personnelles directement collect\u00e9es aupr\u00e8s de l&#8217;utilisateur \u00e0 travers les diff\u00e9rentes ressources disponibles sur le site web seront trait\u00e9es de mani\u00e8re confidentielle et enregistr\u00e9es dans les syst\u00e8mes de traitement des donn\u00e9es de <a href=\"https:\/\/www.besthousemarbella.com\/\">https:\/\/www.besthousemarbella.com\/ ;<\/a> email de contact : <a href=\"mailto:info@besthousemarbella.com\">info@besthousemarbella.com<\/a>.<\/p>\n\n<div class=\"wp-block-spacer\" style=\"height: 50px;\" aria-hidden=\"true\"> <\/div>\n\n<h2 class=\"wp-block-heading\">2. Quelle est la finalit\u00e9 du traitement de vos donn\u00e9es ?<\/h2>\n\n<p>Les donn\u00e9es personnelles que vous avez fournies \u00e0 <a href=\"https:\/\/www.besthousemarbella.com\/\">https:\/\/www.besthousemarbella.com\/<\/a> seront trait\u00e9es afin d&#8217;acc\u00e9l\u00e9rer votre demande et de vous fournir un meilleur service et des informations sur les produits et services offerts, ainsi que pour effectuer une \u00e9valuation pr\u00e9liminaire de votre cas clinique et une \u00e9valuation de votre \u00e9volution postop\u00e9ratoire le moment venu. Les questions incluses dans chacun des formulaires sont facultatives, sauf celles marqu\u00e9es d&#8217;un ast\u00e9risque (*), qui sont obligatoires. En l&#8217;absence de r\u00e9ponse aux questions obligatoires, <a href=\"https:\/\/www.besthousemarbella.com\/\">https:\/\/www.besthousemarbella.com\/<\/a> se r\u00e9serve le droit de ne pas traiter les demandes incompl\u00e8tes.  <\/p>\n\n<p>Les donn\u00e9es personnelles fournies seront conserv\u00e9es aussi longtemps que durera votre relation avec <a href=\"https:\/\/www.besthousemarbella.com\/\">https:\/\/www.besthousemarbella.com\/<\/a>, et plus longtemps dans les cas o\u00f9 cela est important pour la sant\u00e9 des parties int\u00e9ress\u00e9es ou pour la dur\u00e9e requise par la loi. De m\u00eame, vous \u00eates inform\u00e9 que les donn\u00e9es personnelles ne seront pas utilis\u00e9es par <a href=\"https:\/\/www.besthousemarbella.com\/\">https:\/\/www.besthousemarbella.com\/<\/a> pour cr\u00e9er des profils commerciaux. Le traitement de vos donn\u00e9es personnelles sera licite, loyal, transparent, ad\u00e9quat, pertinent, limit\u00e9, exact et actualis\u00e9. A cette fin, <a href=\"https:\/\/www.besthousemarbella.com\/\">https:\/\/www.besthousemarbella.com\/<\/a> s&#8217;engage \u00e0 prendre toutes les mesures raisonnables pour que vos donn\u00e9es personnelles soient supprim\u00e9es ou rectifi\u00e9es sans d\u00e9lai lorsqu&#8217;elles sont inexactes.   <\/p>\n\n<div class=\"wp-block-spacer\" style=\"height: 50px;\" aria-hidden=\"true\"> <\/div>\n\n<h2 class=\"wp-block-heading\">3. Quelle est la base l\u00e9gale du traitement de vos donn\u00e9es ?<\/h2>\n\n<p>La base l\u00e9gale du traitement de vos donn\u00e9es personnelles r\u00e9side dans : i) la gestion de la demande que vous avez envoy\u00e9e \u00e0 <a href=\"https:\/\/www.besthousemarbella.com\/\">https:\/\/www.besthousemarbella.com\/<\/a> dans chaque cas ; ii) l&#8217;ex\u00e9cution des services professionnels que vous avez contract\u00e9s avec <a href=\"https:\/\/www.besthousemarbella.com\/\">https:\/\/www.besthousemarbella.com\/ ;<\/a> et iii) la r\u00e9solution de toute question, incident, r\u00e9clamation ou autre demande d&#8217;information li\u00e9e aux activit\u00e9s, \u00e9v\u00e9nements, collaborations et \u00e0 la fourniture de soins de sant\u00e9 par <a href=\"https:\/\/www.besthousemarbella.com\/\">https:\/\/www.besthousemarbella.com\/<\/a>.<\/p>\n\n<div class=\"wp-block-spacer\" style=\"height: 50px;\" aria-hidden=\"true\"> <\/div>\n\n<h2 class=\"wp-block-heading\">4. Qui recevra vos donn\u00e9es ?<\/h2>\n\n<p><a href=\"https:\/\/www.besthousemarbella.com\/\">https:\/\/www.besthousemarbella.com\/<\/a> n&#8217;a pas l&#8217;intention de transf\u00e9rer ou de c\u00e9der les informations personnelles contenues dans ses syst\u00e8mes de traitement \u00e0 des tiers, sauf dans les cas o\u00f9 vous l&#8217;autorisez express\u00e9ment ou lorsque la loi l&#8217;exige ou le permet. Dans de tels cas, <a href=\"https:\/\/www.besthousemarbella.com\/\">https:\/\/www.besthousemarbella.com\/<\/a> s&#8217;engage, le cas \u00e9ch\u00e9ant, \u00e0 informer au pr\u00e9alable tous les utilisateurs de l&#8217;identit\u00e9 de l&#8217;entit\u00e9 destinataire, ainsi que de la finalit\u00e9 du transfert, afin d&#8217;obtenir votre consentement. De m\u00eame, vous \u00eates inform\u00e9 que vos informations personnelles peuvent \u00eatre consult\u00e9es par des entit\u00e9s ou des personnes externes \u00e0 <a href=\"https:\/\/www.besthousemarbella.com\/\">https:\/\/www.besthousemarbella.com\/ <\/a>dans les cas o\u00f9 cela est n\u00e9cessaire pour la prestation d&#8217;un service professionnel \u00e0 <a href=\"https:\/\/www.besthousemarbella.com\/\">https:\/\/www.besthousemarbella.com\/<\/a>, auquel cas ce transfert ou cet acc\u00e8s aux informations aura lieu apr\u00e8s la signature d&#8217;un contrat selon les termes et conditions inclus dans l&#8217;article 28 du RGPD. \u00c0 cet \u00e9gard, <a href=\"https:\/\/www.besthousemarbella.com\/\">https:\/\/www.besthousemarbella.com\/ <\/a>vous informe que, dans le cadre de la sous-traitance de services \u00e0 des entit\u00e9s externes, vos informations peuvent \u00eatre transf\u00e9r\u00e9es vers des destinations non s\u00e9curis\u00e9es (pays ne faisant pas partie de l&#8217;Union \u00e9conomique europ\u00e9enne), telles que, par exemple, les \u00c9tats-Unis, o\u00f9 la r\u00e9glementation en mati\u00e8re de protection des donn\u00e9es n&#8217;est pas aussi protectrice que la r\u00e9glementation communautaire au sein de l&#8217;Union \u00e9conomique europ\u00e9enne. Toutefois, lors du recours \u00e0 ces entit\u00e9s et du transfert de vos informations dans le cadre de ce type de contrat,<a href=\"https:\/\/www.besthousemarbella.com\/\"> https:\/\/www.besthousemarbella.com\/<\/a> adoptera toutes les mesures techniques, organisationnelles et de s\u00e9curit\u00e9 requises par le RGPD lors de la conclusion de contrats avec ces entit\u00e9s et du transfert de vos informations dans le cadre de l&#8217;ex\u00e9cution de ce type de contrat.    <\/p>\n\n<div class=\"wp-block-spacer\" style=\"height: 50px;\" aria-hidden=\"true\"> <\/div>\n\n<h2 class=\"wp-block-heading\">5. Quels sont vos droits lorsque vous nous fournissez vos donn\u00e9es ?<\/h2>\n\n<p>Vous avez le droit d&#8217;acc\u00e9der \u00e0 vos donn\u00e9es personnelles et de demander la rectification des donn\u00e9es inexactes ou, le cas \u00e9ch\u00e9ant, de demander leur suppression lorsque, entre autres raisons, les donn\u00e9es ne sont plus n\u00e9cessaires aux fins pour lesquelles elles ont \u00e9t\u00e9 collect\u00e9es. Vous pouvez \u00e9galement demander la limitation du traitement des donn\u00e9es, auquel cas les donn\u00e9es ne seront conserv\u00e9es que pour l&#8217;exercice ou la d\u00e9fense de droits. En outre, vous pouvez vous opposer au traitement de vos donn\u00e9es, auquel cas <a href=\"https:\/\/www.besthousemarbella.com\/\">https:\/\/www.besthousemarbella.com\/<\/a> cessera de les traiter, sauf pour des raisons l\u00e9gitimes ou des raisons li\u00e9es \u00e0 la d\u00e9fense d&#8217;\u00e9ventuelles r\u00e9clamations. Vous avez \u00e9galement le droit de demander la portabilit\u00e9 de vos donn\u00e9es.   <\/p>\n\n<p>Pour exercer ces droits, vous pouvez contacter <a href=\"https:\/\/www.besthousemarbella.com\/\">https:\/\/www.besthousemarbella.com\/<\/a> \u00e0 l&#8217;adresse suivante : <a href=\"mailto:info@besthousemarbella.com\">info@besthousemarbella.com<\/a><\/p>\n\n<p> <\/p>\n\n<h2 class=\"wp-block-heading\">6. Consentement et retrait de l&#8217;utilisateur.<\/h2>\n\n<p>En cochant les cases, l&#8217;utilisateur accepte notre politique de confidentialit\u00e9 et de protection des donn\u00e9es.<\/p>\n\n<p><a href=\"https:\/\/www.besthousemarbella.com\/\">https:\/\/www.besthousemarbella.com\/<\/a> n&#8217;est pas responsable si la demande de retrait du consentement est envoy\u00e9e \u00e0 partir de l&#8217;adresse \u00e9lectronique fournie par l&#8217;interm\u00e9diaire de l&#8217;un des formulaires web. Dans ce cas, <a href=\"https:\/\/www.besthousemarbella.com\/\">https:\/\/www.besthousemarbella.com\/<\/a> consid\u00e9rera que la demande \u00e9mane de l&#8217;utilisateur. <\/p>\n\n<div class=\"wp-block-spacer\" style=\"height: 50px;\" aria-hidden=\"true\"> <\/div>\n\n<h2 class=\"wp-block-heading\">7. M\u00e9thodes de collecte des donn\u00e9es \u00e0 caract\u00e8re personnel.<\/h2>\n\n<p> <\/p>\n<h5><strong>M\u00e9thodes de communication traditionnelles et formulaires de contact<\/strong><\/h5>\n<p><br>Les utilisateurs peuvent soumettre leurs donn\u00e9es personnelles non crypt\u00e9es par le biais de formulaires de contact standard. En outre, ils peuvent fournir leurs donn\u00e9es par t\u00e9l\u00e9phone, par courrier \u00e9lectronique ou en utilisant d&#8217;autres m\u00e9thodes de communication \u00e9num\u00e9r\u00e9es dans la section &#8220;Contact&#8221;. <\/p>\n\n<p>La finalit\u00e9 du traitement de ces donn\u00e9es sera celle d\u00e9crite au point 2 de la pr\u00e9sente politique de confidentialit\u00e9, et le traitement sera automatis\u00e9.<\/p>\n\n<p>L&#8217;utilisateur est responsable de l&#8217;exactitude de ses donn\u00e9es et s&#8217;engage \u00e0 ne pas introduire de fausses donn\u00e9es et \u00e0 corriger toute inexactitude afin de refl\u00e9ter sa situation r\u00e9elle. L&#8217;utilisateur est seul responsable des informations fausses ou inexactes qu&#8217;il fournit et des dommages caus\u00e9s \u00e0 <a href=\"https:\/\/www.besthousemarbella.com\/\">https:\/\/www.besthousemarbella.com\/<\/a> ou \u00e0 des tiers. <a href=\"https:\/\/www.besthousemarbella.com\/\">https:\/\/www.besthousemarbella.com\/<\/a> met \u00e0 la disposition des utilisateurs les outils n\u00e9cessaires pour modifier leurs donn\u00e9es \u00e0 l&#8217;aide des formulaires pr\u00e9vus \u00e0 cet effet sur notre site web. Si les donn\u00e9es personnelles soumises ne sont pas les siennes mais appartiennent \u00e0 un tiers, l&#8217;utilisateur confirme qu&#8217;il est autoris\u00e9 \u00e0 le faire au nom du tiers et qu&#8217;il est responsable de toute d\u00e9claration fausse ou inexacte faite en son nom et susceptible de causer des dommages \u00e0 <a href=\"https:\/\/www.besthousemarbella.com\/\">https:\/\/www.besthousemarbella.com\/<\/a> ou \u00e0 des tiers.  <\/p>\n\n<p>Les champs marqu\u00e9s d&#8217;un ast\u00e9risque (*) sont obligatoires. S&#8217;ils sont incomplets, il sera impossible \u00e0 <a href=\"https:\/\/www.besthousemarbella.com\/\">https:\/\/www.besthousemarbella.com\/<\/a> de fournir le service demand\u00e9 ou d&#8217;envoyer les informations demand\u00e9es. <\/p>\n\n<p>Certains services fournis sur notre site web peuvent \u00eatre assortis de conditions sp\u00e9cifiques concernant la protection des donn\u00e9es. La lecture et l&#8217;acceptation de ces conditions sont requises avant de demander le service. <\/p>\n<p> <\/p>\n\n<h5><strong>R\u00e9seaux sociaux<\/strong><\/h5>\n<p><br><a href=\"https:\/\/www.besthousemarbella.com\/\">https:\/\/www.besthousemarbella.com\/<\/a> g\u00e8re des profils sur les principaux r\u00e9seaux sociaux (Facebook, Instagram, LinkedIn, Twitter, Google MyBusiness et YouTube), assumant la responsabilit\u00e9 du traitement des donn\u00e9es des followers, fans, abonn\u00e9s, commentateurs et autres profils d&#8217;utilisateurs (ci-apr\u00e8s &#8220;Followers&#8221;).<\/p>\n\n<p>Le traitement des donn\u00e9es effectu\u00e9 par <a href=\"https:\/\/www.besthousemarbella.com\/\">https:\/\/www.besthousemarbella.com\/ <\/a>sera limit\u00e9 \u00e0 ce que le r\u00e9seau social autorise pour les profils d&#8217;entreprise. <a href=\"https:\/\/www.besthousemarbella.com\/\">https:\/\/www.besthousemarbella.com\/<\/a> peut informer ses abonn\u00e9s des activit\u00e9s et promotions et fournir un service client personnalis\u00e9. <a href=\"https:\/\/www.besthousemarbella.com\/\">https:\/\/www.besthousemarbella.com\/<\/a> n&#8217;extraira pas de donn\u00e9es des r\u00e9seaux sociaux sans le consentement explicite de l&#8217;utilisateur. Si la nature des r\u00e9seaux sociaux n\u00e9cessite de modifier le profil d&#8217;un abonn\u00e9 pour exercer ses droits, <a href=\"https:\/\/www.besthousemarbella.com\/\">https:\/\/www.besthousemarbella.com\/<\/a> apportera son aide dans la mesure de ses possibilit\u00e9s. <\/p>\n\n<div class=\"wp-block-spacer\" style=\"height: 50px;\" aria-hidden=\"true\"> <\/div>\n\n<h2 class=\"wp-block-heading\">8. Mesures de s\u00e9curit\u00e9.<\/h2>\n\n<p>Compte tenu de l&#8217;\u00e9tat de l&#8217;art, des co\u00fbts de mise en \u0153uvre, de la nature, de la port\u00e9e, du contexte et des finalit\u00e9s d\u00e9crits au point 2 de la pr\u00e9sente politique de confidentialit\u00e9, ainsi que de la probabilit\u00e9 et de la gravit\u00e9 des risques pour les droits et libert\u00e9s des utilisateurs, <a href=\"https:\/\/www.besthousemarbella.com\/\">https:\/\/www.besthousemarbella.com\/<\/a> a mis en \u0153uvre des mesures organisationnelles et techniques appropri\u00e9es pour garantir un niveau de s\u00e9curit\u00e9 adapt\u00e9 au risque. Ces mesures comprennent le cryptage des donn\u00e9es, la confidentialit\u00e9, l&#8217;int\u00e9grit\u00e9, la disponibilit\u00e9 et la r\u00e9silience des services et syst\u00e8mes de traitement, la restauration rapide de la disponibilit\u00e9 et de l&#8217;acc\u00e8s en cas d&#8217;incidents physiques ou techniques, ainsi que le test et l&#8217;\u00e9valuation r\u00e9guliers des mesures techniques et organisationnelles visant \u00e0 garantir la s\u00e9curit\u00e9 du traitement. <\/p>\n\n<p>Toutefois, les utilisateurs doivent \u00eatre conscients que les mesures de s\u00e9curit\u00e9 sur l&#8217;internet ne sont pas infaillibles et que des actions malveillantes de la part de tiers peuvent se produire.<\/p>\n\n<div class=\"wp-block-spacer\" style=\"height: 50px;\" aria-hidden=\"true\"> <\/div>\n\n<h2 class=\"wp-block-heading\">9. Images de l&#8217;utilisateur.<\/h2>\n\n<p class=\"has-white-background-color has-background\">Les utilisateurs sont inform\u00e9s que les images, photographies et autres mat\u00e9riels audiovisuels figurant sur notre site web ont \u00e9t\u00e9 fournis avec le consentement expr\u00e8s des utilisateurs, qui nous ont autoris\u00e9s \u00e0 reproduire et \u00e0 publier ces mat\u00e9riels. Les utilisateurs ont \u00e9t\u00e9 inform\u00e9s au pr\u00e9alable de ces mesures et de leur publication sur notre site web et sur d&#8217;autres domaines appartenant \u00e0 <a href=\"https:\/\/www.besthousemarbella.com\/\">https:\/\/www.besthousemarbella.com\/.<\/a> <\/p>\n\t\t\t\t\t\t\t\t<\/div>\n\t\t\t\t<\/div>\n\t\t\t\t<div class=\"elementor-element elementor-element-9a95ff5 elementor-widget elementor-widget-houzez_elementor_space\" data-id=\"9a95ff5\" data-element_type=\"widget\" data-e-type=\"widget\" data-widget_type=\"houzez_elementor_space.default\">\n\t\t\t\t<div class=\"elementor-widget-container\">\n\t\t\t\t\t        <div class=\"houzez-spacer\">\n            <div class=\"houzez-spacer-inner\"><\/div>\n        <\/div>\n        \t\t\t\t<\/div>\n\t\t\t\t<\/div>\n\t\t\t\t\t<\/div>\n\t\t\t\t<\/div>\n\t\t\t\t<\/div>\n\t\t","protected":false},"excerpt":{"rendered":"<p>Politique de confidentialit\u00e9 Pour utiliser l&#8217;un des services ou acc\u00e9der \u00e0 des contenus sp\u00e9cifiques du site, l&#8217;utilisateur doit fournir au pr\u00e9alable \u00e0 https:\/\/www.besthousemarbella.com\/ certaines donn\u00e9es personnelles. Ces donn\u00e9es personnelles ne seront pas conserv\u00e9es, sauf si l&#8217;utilisateur le demande express\u00e9ment ou s&#8217;il s&#8217;inscrit \u00e0 l&#8217;un des portails ou outils propos\u00e9s sur ce site. 1. Qui est [&hellip;]<\/p>\n","protected":false},"author":2,"featured_media":23160,"parent":0,"menu_order":-4,"comment_status":"closed","ping_status":"closed","template":"elementor_header_footer","meta":{"footnotes":""},"class_list":["post-27163","page","type-page","status-publish","has-post-thumbnail","hentry"],"_links":{"self":[{"href":"https:\/\/besthousemarbella.com\/fr\/wp-json\/wp\/v2\/pages\/27163","targetHints":{"allow":["GET"]}}],"collection":[{"href":"https:\/\/besthousemarbella.com\/fr\/wp-json\/wp\/v2\/pages"}],"about":[{"href":"https:\/\/besthousemarbella.com\/fr\/wp-json\/wp\/v2\/types\/page"}],"author":[{"embeddable":true,"href":"https:\/\/besthousemarbella.com\/fr\/wp-json\/wp\/v2\/users\/2"}],"replies":[{"embeddable":true,"href":"https:\/\/besthousemarbella.com\/fr\/wp-json\/wp\/v2\/comments?post=27163"}],"version-history":[{"count":0,"href":"https:\/\/besthousemarbella.com\/fr\/wp-json\/wp\/v2\/pages\/27163\/revisions"}],"wp:featuredmedia":[{"embeddable":true,"href":"https:\/\/besthousemarbella.com\/fr\/wp-json\/wp\/v2\/media\/23160"}],"wp:attachment":[{"href":"https:\/\/besthousemarbella.com\/fr\/wp-json\/wp\/v2\/media?parent=27163"}],"curies":[{"name":"wp","href":"https:\/\/api.w.org\/{rel}","templated":true}]}}